{"id":677,"date":"2025-12-04T15:46:21","date_gmt":"2025-12-04T23:46:21","guid":{"rendered":"https:\/\/global.apptio.com\/pt-br\/?page_id=677"},"modified":"2025-12-04T15:53:26","modified_gmt":"2025-12-04T23:53:26","slug":"ibm-kubecost","status":"publish","type":"page","link":"https:\/\/global.apptio.com\/pt-br\/products\/ibm-kubecost\/","title":{"rendered":"IBM Kubecost"},"content":{"rendered":"\t\t<div data-elementor-type=\"wp-page\" data-elementor-id=\"677\" class=\"elementor elementor-677\" data-elementor-post-type=\"page\">\n\t\t\t\t<div data-dce-background-color=\"#64E892\" data-dce-background-overlay-image-url=\"https:\/\/global.apptio.com\/pt-br\/wp-content\/uploads\/sites\/27\/kubecost-bug.svg\" class=\"elementor-element elementor-element-2b967ac ap-top-lg-pdg ap-txt-lt-bg e-flex e-con-boxed e-con e-parent\" data-id=\"2b967ac\" data-element_type=\"container\" data-settings=\"{&quot;background_background&quot;:&quot;classic&quot;}\">\n\t\t\t\t\t<div class=\"e-con-inner\">\n\t\t\t\t<div class=\"elementor-element elementor-element-30d9c90 elementor-widget elementor-widget-heading\" data-id=\"30d9c90\" data-element_type=\"widget\" data-widget_type=\"heading.default\">\n\t\t\t\t<div class=\"elementor-widget-container\">\n\t\t\t\t\t<h1 class=\"elementor-heading-title elementor-size-default\">IBM Kubecost<\/h1>\t\t\t\t<\/div>\n\t\t\t\t<\/div>\n\t\t\t\t<div class=\"elementor-element elementor-element-89dcbb2 elementor-widget-mobile__width-initial elementor-widget-tablet__width-initial elementor-widget elementor-widget-heading\" data-id=\"89dcbb2\" data-element_type=\"widget\" data-widget_type=\"heading.default\">\n\t\t\t\t<div class=\"elementor-widget-container\">\n\t\t\t\t\t<p class=\"elementor-heading-title elementor-size-large\">Monitore e reduza gastos com Kubernetes\u200b<\/p>\t\t\t\t<\/div>\n\t\t\t\t<\/div>\n\t\t\t\t<div class=\"elementor-element elementor-element-b6a9d81 apto-trackme apti-btn-org elementor-widget elementor-widget-button\" data-id=\"b6a9d81\" data-element_type=\"widget\" apto-event-category=\"Button - Hero\" apto-event-action=\"Click - Request Cldy Trial\" apto-event-label=\"\" data-widget_type=\"button.default\">\n\t\t\t\t<div class=\"elementor-widget-container\">\n\t\t\t\t\t\t\t\t\t<div class=\"elementor-button-wrapper\">\n\t\t\t\t\t<a class=\"elementor-button elementor-button-link elementor-size-md\" href=\"#demo-request\">\n\t\t\t\t\t\t<span class=\"elementor-button-content-wrapper\">\n\t\t\t\t\t\t\t\t\t<span class=\"elementor-button-text\">Request a Free Trial or Demo<\/span>\n\t\t\t\t\t<\/span>\n\t\t\t\t\t<\/a>\n\t\t\t\t<\/div>\n\t\t\t\t\t\t\t\t<\/div>\n\t\t\t\t<\/div>\n\t\t\t\t\t<\/div>\n\t\t\t\t<\/div>\n\t\t<div class=\"elementor-element elementor-element-aca2c56 ap-top-md-pdg e-flex e-con-boxed e-con e-parent\" data-id=\"aca2c56\" data-element_type=\"container\">\n\t\t\t\t\t<div class=\"e-con-inner\">\n\t\t\t\t<div class=\"elementor-element elementor-element-31efda6 elementor-widget__width-initial elementor-widget-mobile__width-inherit elementor-widget elementor-widget-text-editor\" data-id=\"31efda6\" data-element_type=\"widget\" data-widget_type=\"text-editor.default\">\n\t\t\t\t<div class=\"elementor-widget-container\">\n\t\t\t\t\t\t\t\t\t<h2>N\u00e3o d\u00e1 para otimizar aquilo que voc\u00ea n\u00e3o enxerga<\/h2><p>O desperd\u00edcio desnecess\u00e1rio em Kubernetes eleva os custos, de modo que a maioria das empresas se surpreende ao receber a fatura mensal da nuvem. Ela apresenta um agregado sem explicar quais cargas de trabalho e equipes est\u00e3o usando quais recursos, quanto e quando.<\/p><p>O IBM Kubecost fornece uma solu\u00e7\u00e3o abrangente de monitoramento e otimiza\u00e7\u00e3o de custos para equipes que executam Kubernetes, que pode ser <a href=\"https:\/\/www.apptio.com\/products\/kubecost\/install\" target=\"_blank\" rel=\"noopener\">instalada em cinco minutos<\/a> ou at\u00e9 menos. Ele ajuda voc\u00ea a assumir o controle dos custos com a nuvem do seu Kubernetes para ter visibilidade de custos em tempo real, otimizar gastos e tomar decis\u00f5es fundamentadas com facilidade. Elimine surpresas nos custos e tenha visibilidade dos seus custos com Kubernetes, mantendo um desempenho de alto n\u00edvel.<\/p>\t\t\t\t\t\t\t\t<\/div>\n\t\t\t\t<\/div>\n\t\t\t\t<div class=\"elementor-element elementor-element-dd5e0c8 elementor-widget__width-initial apti-card-bg elementor-widget-mobile__width-inherit elementor-widget elementor-widget-ucaddon_wistia_player\" data-id=\"dd5e0c8\" data-element_type=\"widget\" data-widget_type=\"ucaddon_wistia_player.default\">\n\t\t\t\t<div class=\"elementor-widget-container\">\n\t\t\t\t\t\n<!-- start Wistia Player -->\n\n<script src=\"https:\/\/fast.wistia.com\/embed\/medias\/n4csfsotfz.jsonp\" async><\/script>\n\t\t<script>\nwindow._wq = window._wq || [];\n_wq.push({\n  id: \"n4csfsotfz\",\n  options: {\n    plugin: {\n      \"captions-v1\": {\n        onByDefault: true,\n        language: 'jpn'\n      }\n    }\n  }\n});\n<\/script>\n\n<script src=\"https:\/\/fast.wistia.com\/assets\/external\/E-v1.js\" async><\/script>\n<div class=\"wistia_responsive_padding\" style=\"padding: 56.25% 0 0 0; position: relative;\">\n  <div class=\"wistia_responsive_wrapper\" style=\"height: 100%; left: 0; position: absolute; top: 0; width: 100%;\">\n    <div class=\"wistia_embed wistia_async_n4csfsotfz videoFoam=true\" style=\"height: 100%; position: relative; width: 100%;\">\n      <div class=\"wistia_swatch\" style=\"height: 100%; left: 0; opacity: 0; overflow: hidden; position: absolute; top: 0; transition: opacity 200ms; width: 100%;\">\n        <img decoding=\"async\" style=\"filter: blur(5px); height: 100%; object-fit: contain; width: 100%;\" src=\"https:\/\/fast.wistia.com\/embed\/medias\/n4csfsotfz\/swatch\" alt=\"\" aria-hidden=\"true\" \/>\n      <\/div>\n    <\/div>\n  <\/div>\n<\/div>\n<!-- end Wistia Player -->\t\t\t\t<\/div>\n\t\t\t\t<\/div>\n\t\t\t\t\t<\/div>\n\t\t\t\t<\/div>\n\t\t<div data-dce-background-color=\"#95EAB3\" class=\"elementor-element elementor-element-69bbbb9 ap-top-lg-pdg e-flex e-con-boxed e-con e-parent\" data-id=\"69bbbb9\" data-element_type=\"container\" data-settings=\"{&quot;background_background&quot;:&quot;classic&quot;}\">\n\t\t\t\t\t<div class=\"e-con-inner\">\n\t\t\t\t<div class=\"elementor-element elementor-element-3e32a0f elementor-widget elementor-widget-heading\" data-id=\"3e32a0f\" data-element_type=\"widget\" data-widget_type=\"heading.default\">\n\t\t\t\t<div class=\"elementor-widget-container\">\n\t\t\t\t\t<h2 class=\"elementor-heading-title elementor-size-default\">Conectando todos os n\u00edveis da empresa<\/h2>\t\t\t\t<\/div>\n\t\t\t\t<\/div>\n\t\t\t\t<div class=\"elementor-element elementor-element-d388313 elementor-position-left elementor-position-left elementor-vertical-align-middle elementor-vertical-align-middle dce_masking-none elementor-widget elementor-widget-image-box\" data-id=\"d388313\" data-element_type=\"widget\" data-widget_type=\"image-box.default\">\n\t\t\t\t<div class=\"elementor-widget-container\">\n\t\t\t\t\t<div class=\"elementor-image-box-wrapper\"><figure class=\"elementor-image-box-img\"><img loading=\"lazy\" decoding=\"async\" width=\"421\" height=\"268\" src=\"https:\/\/global.apptio.com\/pt-br\/wp-content\/uploads\/sites\/27\/cost-allocation-int.svg\" class=\"attachment-full size-full wp-image-680\" alt=\"\" \/><\/figure><div class=\"elementor-image-box-content\"><h3 class=\"elementor-image-box-title\">Aloca\u00e7\u00e3o de custos<\/h3><p class=\"elementor-image-box-description\">O Kubecost permite a visualiza\u00e7\u00e3o dos gastos alocados em todos os conceitos nativos do Kubernetes, fornecendo \u00e0s suas equipes dados de custos transparentes e precisos, conciliados com a fatura real da nuvem. Ele permite um detalhamento de custos flex\u00edvel e personaliz\u00e1vel e a aloca\u00e7\u00e3o de recursos para showbacks, chargebacks e monitoramento cont\u00ednuo com precis\u00e3o.<\/p><\/div><\/div>\t\t\t\t<\/div>\n\t\t\t\t<\/div>\n\t\t\t\t<div class=\"elementor-element elementor-element-9cde00e elementor-position-right elementor-vertical-align-middle dce_masking-none elementor-widget elementor-widget-image-box\" data-id=\"9cde00e\" data-element_type=\"widget\" data-widget_type=\"image-box.default\">\n\t\t\t\t<div class=\"elementor-widget-container\">\n\t\t\t\t\t<div class=\"elementor-image-box-wrapper\"><figure class=\"elementor-image-box-img\"><img loading=\"lazy\" decoding=\"async\" width=\"449\" height=\"302\" src=\"https:\/\/global.apptio.com\/pt-br\/wp-content\/uploads\/sites\/27\/unified-cost-int.svg\" class=\"attachment-full size-full wp-image-682\" alt=\"\" \/><\/figure><div class=\"elementor-image-box-content\"><h3 class=\"elementor-image-box-title\">Monitoramento unificado de custos<\/h3><p class=\"elementor-image-box-description\">Veja todos os seus gastos no Kubernetes e fora do cluster em um s\u00f3 lugar, com integra\u00e7\u00e3o total ao faturamento de servi\u00e7os de nuvem. Una custos dentro do cluster (como CPU e mem\u00f3ria) com gastos fora do cluster de servi\u00e7os de infraestrutura de nuvem para visibilidade de custo completa: todos os servi\u00e7os da AWS, GCP e Microsoft Azure s\u00e3o compat\u00edveis.<\/p><\/div><\/div>\t\t\t\t<\/div>\n\t\t\t\t<\/div>\n\t\t\t\t<div class=\"elementor-element elementor-element-2f9d60c elementor-position-left elementor-vertical-align-middle dce_masking-none elementor-widget elementor-widget-image-box\" data-id=\"2f9d60c\" data-element_type=\"widget\" data-widget_type=\"image-box.default\">\n\t\t\t\t<div class=\"elementor-widget-container\">\n\t\t\t\t\t<div class=\"elementor-image-box-wrapper\"><figure class=\"elementor-image-box-img\"><img loading=\"lazy\" decoding=\"async\" width=\"464\" height=\"339\" src=\"https:\/\/global.apptio.com\/pt-br\/wp-content\/uploads\/sites\/27\/optimization-int.svg\" class=\"attachment-full size-full wp-image-684\" alt=\"\" \/><\/figure><div class=\"elementor-image-box-content\"><h3 class=\"elementor-image-box-title\">Insights de otimiza\u00e7\u00e3o<\/h3><p class=\"elementor-image-box-description\">Receba recomenda\u00e7\u00f5es personalizadas com base no seu pr\u00f3prio ambiente e padr\u00f5es de comportamento. O Kubecost gera insights de forma autom\u00e1tica, que voc\u00ea pode usar para economizar de 30 a 50% ou at\u00e9 mais em seus gastos com infraestrutura, sem expor suas informa\u00e7\u00f5es privadas: seus dados jamais s\u00e3o compartilhados externamente, nem mesmo conosco.<\/p><\/div><\/div>\t\t\t\t<\/div>\n\t\t\t\t<\/div>\n\t\t\t\t<div class=\"elementor-element elementor-element-f431e68 elementor-position-right elementor-vertical-align-middle dce_masking-none elementor-widget elementor-widget-image-box\" data-id=\"f431e68\" data-element_type=\"widget\" data-widget_type=\"image-box.default\">\n\t\t\t\t<div class=\"elementor-widget-container\">\n\t\t\t\t\t<div class=\"elementor-image-box-wrapper\"><figure class=\"elementor-image-box-img\"><img loading=\"lazy\" decoding=\"async\" width=\"533\" height=\"311\" src=\"https:\/\/global.apptio.com\/pt-br\/wp-content\/uploads\/sites\/27\/alerts-int.svg\" class=\"attachment-full size-full wp-image-686\" alt=\"\" \/><\/figure><div class=\"elementor-image-box-content\"><h3 class=\"elementor-image-box-title\">Alertas e governan\u00e7a<\/h3><p class=\"elementor-image-box-description\">A funcionalidade de alertas em tempo real e os relat\u00f3rios recorrentes permitem que as equipes assumam o controle de sua infraestrutura habilitada para Kubernetes, permane\u00e7am dentro dos limites or\u00e7ados e solucionem interrup\u00e7\u00f5es de monitoramento imediatamente. Alcance o desempenho m\u00e1ximo das aplica\u00e7\u00f5es e melhore a confiabilidade com alertas personaliz\u00e1veis, n\u00edveis de disponibilidade configur\u00e1veis e atualiza\u00e7\u00f5es em tempo real.<\/p><\/div><\/div>\t\t\t\t<\/div>\n\t\t\t\t<\/div>\n\t\t\t\t\t<\/div>\n\t\t\t\t<\/div>\n\t\t<div class=\"elementor-element elementor-element-a83356e ap-top-lg-pdg e-flex e-con-boxed e-con e-parent\" data-id=\"a83356e\" data-element_type=\"container\">\n\t\t\t\t\t<div class=\"e-con-inner\">\n\t\t\t\t<div class=\"elementor-element elementor-element-5eeedfb elementor-widget__width-initial elementor-widget-mobile__width-inherit elementor-widget elementor-widget-text-editor\" data-id=\"5eeedfb\" data-element_type=\"widget\" data-widget_type=\"text-editor.default\">\n\t\t\t\t<div class=\"elementor-widget-container\">\n\t\t\t\t\t\t\t\t\t<h2 style=\"text-align: left;\">Criado especificamente para equipes que executam Kubernetes<\/h2><p>Kubecost, uma empresa da IBM, come\u00e7ou como um projeto de c\u00f3digo aberto com o objetivo de dar acesso a grande visibilidade de custos a pequenas equipes de engenharia. Como resultado, nossa solu\u00e7\u00e3o \u00e9 totalmente integrada ao ecossistema nativo da nuvem de c\u00f3digo aberto, como Kubernetes, Prometheus e Grafana.<\/p><p>A execu\u00e7\u00e3o de cont\u00eaineres no Kubernetes requer uma nova abordagem para visualizar e otimizar gastos. O Kubecost \u00e9 projetado desde o in\u00edcio para o Kubernetes e o ecossistema nativo da nuvem.<\/p>\t\t\t\t\t\t\t\t<\/div>\n\t\t\t\t<\/div>\n\t\t\t\t<div data-dce-title-color=\"#023927D9\" class=\"elementor-element elementor-element-0992f5f elementor-widget__width-initial elementor-widget-mobile__width-inherit elementor-widget elementor-widget-tp-pricing-table\" data-id=\"0992f5f\" data-element_type=\"widget\" data-widget_type=\"tp-pricing-table.default\">\n\t\t\t\t<div class=\"elementor-widget-container\">\n\t\t\t\t\t<div id=\"plus-pricing-table\" class=\"plus-pricing-table pricing-style-2 hover_normal \" ><div class=\"pricing-table-inner \"><div class=\"pricing-title-content style-1\"><div class=\"pricing-title-wrap\"><div class=\"pricing-title\">Fundamentos<\/div><\/div><div class=\"pricing-subtitle-wrap\"><div class=\"pricing-subtitle\">Para pessoas f\u00edsicas, pequenas equipes ou para aqueles que precisam apenas de uma vis\u00e3o geral r\u00e1pida dos seus gastos atuais com o Kubernetes e do uso individual do cluster em uma implementa\u00e7\u00e3o auto-hospedada.<\/div><\/div><\/div><div class=\"pricing-price-wrap style-1\"><span class=\"pricing-price\"><\/span><\/div><div class=\"pt-plus-button-wrapper\"><div class=\"button_parallax\"><div class=\"ts-button\"><div class=\"pt_plus_button btn69d27dee7b91b button-style-9 \"><div class=\"animted-content-inner\"><a href=\"https:\/\/www.apptio.com\/products\/kiubecost\/install\" target=\"_blank\" class=\"button-link-wrap\" role=\"button\">Instale j\u00e1<span class=\"btn-arrow\"><i class=\"fa-show fa fa-chevron-right\" aria-hidden=\"true\"><\/i><i class=\"fa-hide fa fa-chevron-right\" aria-hidden=\"true\"><\/i><\/span><\/a><\/div><\/div><\/div><\/div><\/div><div class=\"pricing-overlay-color \"><\/div><\/div><\/div>\t\t\t\t<\/div>\n\t\t\t\t<\/div>\n\t\t\t\t\t<\/div>\n\t\t\t\t<\/div>\n\t\t\t\t<\/div>\n\t\t","protected":false},"excerpt":{"rendered":"<p>IBM Kubecost Monitore e reduza gastos com Kubernetes\u200b Request a Free Trial or Demo N\u00e3o d\u00e1 para otimizar aquilo que voc\u00ea n\u00e3o enxerga O desperd\u00edcio desnecess\u00e1rio em Kubernetes eleva os custos, de modo que a maioria das empresas se surpreende ao receber a fatura mensal da nuvem. Ela apresenta um agregado sem explicar quais cargas [&hellip;]<\/p>\n","protected":false},"author":1,"featured_media":0,"parent":425,"menu_order":0,"comment_status":"closed","ping_status":"closed","template":"","meta":{"_acf_changed":false,"_relevanssi_hide_post":"","_relevanssi_hide_content":"","_relevanssi_pin_for_all":"","_relevanssi_pin_keywords":"","_relevanssi_unpin_keywords":"","_relevanssi_related_keywords":"","_relevanssi_related_include_ids":"","_relevanssi_related_exclude_ids":"","_relevanssi_related_no_append":"","_relevanssi_related_not_related":"","_relevanssi_related_posts":"","_relevanssi_noindex_reason":"","footnotes":""},"class_list":["post-677","page","type-page","status-publish","hentry"],"acf":[],"_links":{"self":[{"href":"https:\/\/global.apptio.com\/pt-br\/wp-json\/wp\/v2\/pages\/677","targetHints":{"allow":["GET"]}}],"collection":[{"href":"https:\/\/global.apptio.com\/pt-br\/wp-json\/wp\/v2\/pages"}],"about":[{"href":"https:\/\/global.apptio.com\/pt-br\/wp-json\/wp\/v2\/types\/page"}],"author":[{"embeddable":true,"href":"https:\/\/global.apptio.com\/pt-br\/wp-json\/wp\/v2\/users\/1"}],"replies":[{"embeddable":true,"href":"https:\/\/global.apptio.com\/pt-br\/wp-json\/wp\/v2\/comments?post=677"}],"version-history":[{"count":4,"href":"https:\/\/global.apptio.com\/pt-br\/wp-json\/wp\/v2\/pages\/677\/revisions"}],"predecessor-version":[{"id":690,"href":"https:\/\/global.apptio.com\/pt-br\/wp-json\/wp\/v2\/pages\/677\/revisions\/690"}],"up":[{"embeddable":true,"href":"https:\/\/global.apptio.com\/pt-br\/wp-json\/wp\/v2\/pages\/425"}],"wp:attachment":[{"href":"https:\/\/global.apptio.com\/pt-br\/wp-json\/wp\/v2\/media?parent=677"}],"curies":[{"name":"wp","href":"https:\/\/api.w.org\/{rel}","templated":true}]}}