{"id":360,"date":"2025-05-19T11:29:25","date_gmt":"2025-05-19T18:29:25","guid":{"rendered":"https:\/\/dev-global.apptio.com\/pt-br\/get-started\/"},"modified":"2025-07-01T16:58:12","modified_gmt":"2025-07-01T23:58:12","slug":"get-started","status":"publish","type":"page","link":"https:\/\/global.apptio.com\/pt-br\/get-started\/","title":{"rendered":"Get Started"},"content":{"rendered":"\t\t<div data-elementor-type=\"wp-page\" data-elementor-id=\"360\" class=\"elementor elementor-360\" data-elementor-post-type=\"page\">\n\t\t\t\t<div class=\"elementor-element elementor-element-19dba755 ap-top-lg-pdg ap-txt-dk-bg ap-def-dk-bg e-flex e-con-boxed e-con e-parent\" data-id=\"19dba755\" data-element_type=\"container\">\n\t\t\t\t\t<div class=\"e-con-inner\">\n\t\t<div class=\"elementor-element elementor-element-3901b590 e-con-full ap-no-pdg e-flex e-con e-child\" data-id=\"3901b590\" data-element_type=\"container\">\n\t\t\t\t<div class=\"elementor-element elementor-element-19272edf elementor-widget elementor-widget-heading\" data-id=\"19272edf\" data-element_type=\"widget\" data-widget_type=\"heading.default\">\n\t\t\t\t<div class=\"elementor-widget-container\">\n\t\t\t\t\t<h1 class=\"elementor-heading-title elementor-size-default\">Fale conosco<\/h1>\t\t\t\t<\/div>\n\t\t\t\t<\/div>\n\t\t\t\t<div class=\"elementor-element elementor-element-1aa80c4d ap-title-large elementor-widget elementor-widget-text-editor\" data-id=\"1aa80c4d\" data-element_type=\"widget\" data-widget_type=\"text-editor.default\">\n\t\t\t\t<div class=\"elementor-widget-container\">\n\t\t\t\t\t\t\t\t\t<p>Adorar\u00edamos falar com voc\u00ea para entender como a Apptio pode ajudar sua empresa a extrair o m\u00e1ximo valor dos investimentos em tecnologia. Preencha o formul\u00e1rio para que um dos nossos especialistas entre em contato.<\/p><p>Obrigado !<\/p>\t\t\t\t\t\t\t\t<\/div>\n\t\t\t\t<\/div>\n\t\t\t\t<\/div>\n\t\t<div class=\"elementor-element elementor-element-16fbc373 e-con-full e-flex e-con e-child\" data-id=\"16fbc373\" data-element_type=\"container\">\n\t\t\t\t<div class=\"elementor-element elementor-element-442a63d3 elementor-widget__width-initial elementor-widget elementor-widget-text-editor\" data-id=\"442a63d3\" data-element_type=\"widget\" data-widget_type=\"text-editor.default\">\n\t\t\t\t<div class=\"elementor-widget-container\">\n\t\t\t\t\t\t\t\t\t<p>Importante: este \u00e9 um formul\u00e1rio de contato exclusivo para solu\u00e7\u00f5es da Apptio. O uso para fins de vendas ou de prospec\u00e7\u00e3o \u00e9 estritamente proibido.\u00a0<\/p>\t\t\t\t\t\t\t\t<\/div>\n\t\t\t\t<\/div>\n\t\t\t\t<div class=\"elementor-element elementor-element-6361b0f elementor-widget__width-initial elementor-widget elementor-widget-ucaddon_marketo_form_contact\" data-id=\"6361b0f\" data-element_type=\"widget\" data-widget_type=\"ucaddon_marketo_form_contact.default\">\n\t\t\t\t<div class=\"elementor-widget-container\">\n\t\t\t\t\t\n<!-- start Marketo Form - Contact -->\n\n\n\n\n\n\n\n\n<script src=\"https:\/\/www.ibm.com\/common\/noticechoice\/vendor\/notice-choice.js\"><\/script>\n<script src=\"\/\/respond.apptio.com\/js\/forms2\/js\/forms2.min.js\"><\/script>\n\n<form id=\"mktoForm_7407\"><\/form>\n<script> \n  MktoForms2.loadForm(\"\/\/respond.apptio.com\", \"935-CTH-469\", 7407, \n                             function (form){form.vals({\"contentAssetID\":\"A0001-PT-BR\"}); }); \n    MktoForms2.whenRendered(function (form){\n    form.getFormElem()\n    .find('button.mktoButton')\n    .html('Fale conosco');\n  });\n  \n  MktoForms2.whenReady(function(form) {\n    setTimeout(() => {\n\tdataLayer.push({\n      'event' : 'mktoFormDisplay',\n      'evCategory': 'Form Displayed-PT',\n      'evAction': 'Get Started',\n      'evLabel': 'Get Started'\n    });\n    }, 2000);\n    \n      let formEl = form.getFormElem()[0];\n   \n   formEl.addEventListener(\"focus\", function (e) {\n\tdataLayer.push({\n      'event' : 'mktoFormStart',\n      'evCategory': 'Form Started-PT',\n      'evAction': 'Get Started',\n      'evLabel': 'Get Started'\n    });\n   },\n      { \n        capture: true,\n        once: true \n      }\n   );\n    \nsetTimeout(() => {form.setValues({ Country: 'Brazil' });\n                 ncOnChangeCallback();},1000);\n\n    form.onSubmit(function(){\n\n      var fieldsObj = {};\n      fieldsObj[\"GAEventLabel__c\"] = readCookie('apto_ga_lastEventLabel');\n      fieldsObj[\"GAEventAction__c\"] = readCookie('apto_ga_lastEventAction');\n      fieldsObj[\"GAEventCategory__c\"] = readCookie('apto_ga_lastEventCategory');\n      console.log (fieldsObj);\n      form.vals(fieldsObj);\n\n   });\n    \n    form.onSuccess(function(vals, tyURL) {\n      \n            \ttyURL = '\/pt-br\/thankyou\/contact-us';\n\t        \n      window.VWO = window.VWO || [];\n\t  window.VWO.push(['nls.formAnalysis.markSuccess', document.getElementById('mktoForm_7407') , 1 ]);\n      \n    dataLayer.push({\n      'event' : 'mktoContactFormSubmit',\n      'evCategory': 'Form Completed-PT',\n      'evAction': 'Get Started',\n      'evLabel': 'Get Started',\n      'eventCallback' : function() {\n        document.location.href = tyURL;\n      },\n      'eventTimeout' : 3000\n    });\n\n    return false;\n\n    });\n\n  });\n\n<\/script>\n<script src=\"\/\/respond.apptio.com\/rs\/935-CTH-469\/images\/ibm_notice_choice_mod.js\"><\/script>\n<!-- end Marketo Form - Contact -->\t\t\t\t<\/div>\n\t\t\t\t<\/div>\n\t\t\t\t<\/div>\n\t\t\t\t\t<\/div>\n\t\t\t\t<\/div>\n\t\t\t\t<\/div>\n\t\t","protected":false},"excerpt":{"rendered":"<p>Fale conosco Adorar\u00edamos falar com voc\u00ea para entender como a Apptio pode ajudar sua empresa a extrair o m\u00e1ximo valor dos investimentos em tecnologia. Preencha o formul\u00e1rio para que um dos nossos especialistas entre em contato. Obrigado ! Importante: este \u00e9 um formul\u00e1rio de contato exclusivo para solu\u00e7\u00f5es da Apptio. O uso para fins de [&hellip;]<\/p>\n","protected":false},"author":1,"featured_media":0,"parent":0,"menu_order":0,"comment_status":"closed","ping_status":"closed","template":"","meta":{"_acf_changed":false,"_relevanssi_hide_post":"","_relevanssi_hide_content":"","_relevanssi_pin_for_all":"","_relevanssi_pin_keywords":"","_relevanssi_unpin_keywords":"","_relevanssi_related_keywords":"","_relevanssi_related_include_ids":"","_relevanssi_related_exclude_ids":"","_relevanssi_related_no_append":"","_relevanssi_related_not_related":"","_relevanssi_related_posts":"","_relevanssi_noindex_reason":"","footnotes":""},"class_list":["post-360","page","type-page","status-publish","hentry"],"acf":[],"_links":{"self":[{"href":"https:\/\/global.apptio.com\/pt-br\/wp-json\/wp\/v2\/pages\/360","targetHints":{"allow":["GET"]}}],"collection":[{"href":"https:\/\/global.apptio.com\/pt-br\/wp-json\/wp\/v2\/pages"}],"about":[{"href":"https:\/\/global.apptio.com\/pt-br\/wp-json\/wp\/v2\/types\/page"}],"author":[{"embeddable":true,"href":"https:\/\/global.apptio.com\/pt-br\/wp-json\/wp\/v2\/users\/1"}],"replies":[{"embeddable":true,"href":"https:\/\/global.apptio.com\/pt-br\/wp-json\/wp\/v2\/comments?post=360"}],"version-history":[{"count":10,"href":"https:\/\/global.apptio.com\/pt-br\/wp-json\/wp\/v2\/pages\/360\/revisions"}],"predecessor-version":[{"id":649,"href":"https:\/\/global.apptio.com\/pt-br\/wp-json\/wp\/v2\/pages\/360\/revisions\/649"}],"wp:attachment":[{"href":"https:\/\/global.apptio.com\/pt-br\/wp-json\/wp\/v2\/media?parent=360"}],"curies":[{"name":"wp","href":"https:\/\/api.w.org\/{rel}","templated":true}]}}