{"id":842,"date":"2025-12-04T15:15:31","date_gmt":"2025-12-04T23:15:31","guid":{"rendered":"https:\/\/global.apptio.com\/latam\/?page_id=842"},"modified":"2025-12-04T15:30:29","modified_gmt":"2025-12-04T23:30:29","slug":"ibm-kubecost","status":"publish","type":"page","link":"https:\/\/global.apptio.com\/latam\/products\/ibm-kubecost\/","title":{"rendered":"IBM Kubecost"},"content":{"rendered":"\t\t<div data-elementor-type=\"wp-page\" data-elementor-id=\"842\" class=\"elementor elementor-842\" data-elementor-post-type=\"page\">\n\t\t\t\t<div data-dce-background-color=\"#64E892\" data-dce-background-overlay-image-url=\"https:\/\/global.apptio.com\/latam\/wp-content\/uploads\/sites\/26\/kubecost-bug.svg\" class=\"elementor-element elementor-element-f638474 ap-top-lg-pdg ap-txt-lt-bg e-flex e-con-boxed e-con e-parent\" data-id=\"f638474\" data-element_type=\"container\" data-settings=\"{&quot;background_background&quot;:&quot;classic&quot;}\">\n\t\t\t\t\t<div class=\"e-con-inner\">\n\t\t\t\t<div class=\"elementor-element elementor-element-e0aa395 elementor-widget elementor-widget-heading\" data-id=\"e0aa395\" data-element_type=\"widget\" data-widget_type=\"heading.default\">\n\t\t\t\t<div class=\"elementor-widget-container\">\n\t\t\t\t\t<h1 class=\"elementor-heading-title elementor-size-default\">IBM Kubecost<\/h1>\t\t\t\t<\/div>\n\t\t\t\t<\/div>\n\t\t\t\t<div class=\"elementor-element elementor-element-34984e4 elementor-widget-mobile__width-initial elementor-widget-tablet__width-initial elementor-widget elementor-widget-heading\" data-id=\"34984e4\" data-element_type=\"widget\" data-widget_type=\"heading.default\">\n\t\t\t\t<div class=\"elementor-widget-container\">\n\t\t\t\t\t<p class=\"elementor-heading-title elementor-size-large\">Monitoree y reduzca el gasto en Kubernetes\u200b<\/p>\t\t\t\t<\/div>\n\t\t\t\t<\/div>\n\t\t\t\t<div class=\"elementor-element elementor-element-1db04f9 apto-trackme apti-btn-org elementor-widget elementor-widget-button\" data-id=\"1db04f9\" data-element_type=\"widget\" apto-event-category=\"Button - Hero\" apto-event-action=\"Click - Request Cldy Trial\" apto-event-label=\"\" data-widget_type=\"button.default\">\n\t\t\t\t<div class=\"elementor-widget-container\">\n\t\t\t\t\t\t\t\t\t<div class=\"elementor-button-wrapper\">\n\t\t\t\t\t<a class=\"elementor-button elementor-button-link elementor-size-md\" href=\"#demo-request\">\n\t\t\t\t\t\t<span class=\"elementor-button-content-wrapper\">\n\t\t\t\t\t\t\t\t\t<span class=\"elementor-button-text\">Solicite una prueba sin costo<\/span>\n\t\t\t\t\t<\/span>\n\t\t\t\t\t<\/a>\n\t\t\t\t<\/div>\n\t\t\t\t\t\t\t\t<\/div>\n\t\t\t\t<\/div>\n\t\t\t\t\t<\/div>\n\t\t\t\t<\/div>\n\t\t<div class=\"elementor-element elementor-element-9e47994 ap-top-md-pdg e-flex e-con-boxed e-con e-parent\" data-id=\"9e47994\" data-element_type=\"container\">\n\t\t\t\t\t<div class=\"e-con-inner\">\n\t\t\t\t<div class=\"elementor-element elementor-element-3d4e8f0 elementor-widget__width-initial elementor-widget-mobile__width-inherit elementor-widget elementor-widget-text-editor\" data-id=\"3d4e8f0\" data-element_type=\"widget\" data-widget_type=\"text-editor.default\">\n\t\t\t\t<div class=\"elementor-widget-container\">\n\t\t\t\t\t\t\t\t\t<h2>No se puede optimizar lo que no se ve<\/h2><p>El desperdicio innecesario de Kubernetes aumenta los costos, y la mayor\u00eda de las empresas se sorprenden cuando reciben su factura mensual de la nube. Esta muestra un total sin explicar qu\u00e9 cargas de trabajo y equipos est\u00e1n utilizando qu\u00e9 recursos, cu\u00e1ntos y cu\u00e1ndo.<\/p><p>IBM Kubecost proporciona una soluci\u00f3n integral de monitoreo y optimizaci\u00f3n de costos para equipos que ejecutan Kubernetes, que se puede <a href=\"https:\/\/www.apptio.com\/products\/kubecost\/install\" target=\"_blank\" rel=\"noopener\">instalar en 5 minutos<\/a> o menos. Le ayuda a controlar los costos de la nube de Kubernetes para obtener visibilidad de los costos en tiempo real, optimizar el gasto y tomar decisiones informadas con facilidad. Elimine las sorpresas en los costos y obtenga visibilidad de los costos de Kubernetes mientras mantiene un rendimiento de primera categor\u00eda.<\/p>\t\t\t\t\t\t\t\t<\/div>\n\t\t\t\t<\/div>\n\t\t\t\t<div class=\"elementor-element elementor-element-53da25e elementor-widget__width-initial apti-card-bg elementor-widget-mobile__width-inherit elementor-widget elementor-widget-ucaddon_wistia_player\" data-id=\"53da25e\" data-element_type=\"widget\" data-widget_type=\"ucaddon_wistia_player.default\">\n\t\t\t\t<div class=\"elementor-widget-container\">\n\t\t\t\t\t\n<!-- start Wistia Player -->\n\n<script src=\"https:\/\/fast.wistia.com\/embed\/medias\/n4csfsotfz.jsonp\" async><\/script>\n\t\t<script>\nwindow._wq = window._wq || [];\n_wq.push({\n  id: \"n4csfsotfz\",\n  options: {\n    plugin: {\n      \"captions-v1\": {\n        onByDefault: true,\n        language: 'spa'\n      }\n    }\n  }\n});\n<\/script>\n\n<script src=\"https:\/\/fast.wistia.com\/assets\/external\/E-v1.js\" async><\/script>\n<div class=\"wistia_responsive_padding\" style=\"padding: 56.25% 0 0 0; position: relative;\">\n  <div class=\"wistia_responsive_wrapper\" style=\"height: 100%; left: 0; position: absolute; top: 0; width: 100%;\">\n    <div class=\"wistia_embed wistia_async_n4csfsotfz videoFoam=true\" style=\"height: 100%; position: relative; width: 100%;\">\n      <div class=\"wistia_swatch\" style=\"height: 100%; left: 0; opacity: 0; overflow: hidden; position: absolute; top: 0; transition: opacity 200ms; width: 100%;\">\n        <img decoding=\"async\" style=\"filter: blur(5px); height: 100%; object-fit: contain; width: 100%;\" src=\"https:\/\/fast.wistia.com\/embed\/medias\/n4csfsotfz\/swatch\" alt=\"\" aria-hidden=\"true\" \/>\n      <\/div>\n    <\/div>\n  <\/div>\n<\/div>\n<!-- end Wistia Player -->\t\t\t\t<\/div>\n\t\t\t\t<\/div>\n\t\t\t\t\t<\/div>\n\t\t\t\t<\/div>\n\t\t<div data-dce-background-color=\"#95EAB3\" class=\"elementor-element elementor-element-eabc319 ap-top-lg-pdg e-flex e-con-boxed e-con e-parent\" data-id=\"eabc319\" data-element_type=\"container\" data-settings=\"{&quot;background_background&quot;:&quot;classic&quot;}\">\n\t\t\t\t\t<div class=\"e-con-inner\">\n\t\t\t\t<div class=\"elementor-element elementor-element-b2385e5 elementor-widget elementor-widget-heading\" data-id=\"b2385e5\" data-element_type=\"widget\" data-widget_type=\"heading.default\">\n\t\t\t\t<div class=\"elementor-widget-container\">\n\t\t\t\t\t<h2 class=\"elementor-heading-title elementor-size-default\">Conexi\u00f3n de todos los niveles de la empresa<\/h2>\t\t\t\t<\/div>\n\t\t\t\t<\/div>\n\t\t\t\t<div class=\"elementor-element elementor-element-5770041 elementor-position-left elementor-position-left elementor-vertical-align-middle elementor-vertical-align-middle dce_masking-none elementor-widget elementor-widget-image-box\" data-id=\"5770041\" data-element_type=\"widget\" data-widget_type=\"image-box.default\">\n\t\t\t\t<div class=\"elementor-widget-container\">\n\t\t\t\t\t<div class=\"elementor-image-box-wrapper\"><figure class=\"elementor-image-box-img\"><img loading=\"lazy\" decoding=\"async\" width=\"421\" height=\"268\" src=\"https:\/\/global.apptio.com\/latam\/wp-content\/uploads\/sites\/26\/cost-allocation-int.svg\" class=\"attachment-full size-full wp-image-845\" alt=\"\" \/><\/figure><div class=\"elementor-image-box-content\"><h3 class=\"elementor-image-box-title\">Asignaci\u00f3n de costos<\/h3><p class=\"elementor-image-box-description\">Kubecost le permite ver el gasto asignado en todos sus conceptos nativos de Kubernetes, para que pueda proporcionar a sus equipos datos de costos transparentes y precisos, conciliados con su factura real de la nube. Permite un desglose de costos flexible y personalizable y una asignaci\u00f3n de recursos para obtener reembolsos, devoluciones y un monitoreo continuo de forma precisa.<\/p><\/div><\/div>\t\t\t\t<\/div>\n\t\t\t\t<\/div>\n\t\t\t\t<div class=\"elementor-element elementor-element-aa4b8a9 elementor-position-right elementor-vertical-align-middle dce_masking-none elementor-widget elementor-widget-image-box\" data-id=\"aa4b8a9\" data-element_type=\"widget\" data-widget_type=\"image-box.default\">\n\t\t\t\t<div class=\"elementor-widget-container\">\n\t\t\t\t\t<div class=\"elementor-image-box-wrapper\"><figure class=\"elementor-image-box-img\"><img loading=\"lazy\" decoding=\"async\" width=\"449\" height=\"302\" src=\"https:\/\/global.apptio.com\/latam\/wp-content\/uploads\/sites\/26\/unified-cost-int.svg\" class=\"attachment-full size-full wp-image-847\" alt=\"\" \/><\/figure><div class=\"elementor-image-box-content\"><h3 class=\"elementor-image-box-title\">Monitoreo unificado de costos<\/h3><p class=\"elementor-image-box-description\">Vea todos sus gastos de Kubernetes y fuera del cl\u00faster en un solo lugar, con integraci\u00f3n completa de facturaci\u00f3n de servicios en la nube. Combine los costos dentro del cl\u00faster, como CPU y memoria, con los gastos fuera del cl\u00faster de los servicios de infraestructura en la nube para obtener una visibilidad completa de los costos; se admiten todos los servicios de AWS, GCP y Microsoft Azure.<\/p><\/div><\/div>\t\t\t\t<\/div>\n\t\t\t\t<\/div>\n\t\t\t\t<div class=\"elementor-element elementor-element-3c030c4 elementor-position-left elementor-vertical-align-middle dce_masking-none elementor-widget elementor-widget-image-box\" data-id=\"3c030c4\" data-element_type=\"widget\" data-widget_type=\"image-box.default\">\n\t\t\t\t<div class=\"elementor-widget-container\">\n\t\t\t\t\t<div class=\"elementor-image-box-wrapper\"><figure class=\"elementor-image-box-img\"><img loading=\"lazy\" decoding=\"async\" width=\"464\" height=\"339\" src=\"https:\/\/global.apptio.com\/latam\/wp-content\/uploads\/sites\/26\/optimization-int.svg\" class=\"attachment-full size-full wp-image-849\" alt=\"\" \/><\/figure><div class=\"elementor-image-box-content\"><h3 class=\"elementor-image-box-title\">Insights sobre optimizaci\u00f3n<\/h3><p class=\"elementor-image-box-description\">Obtenga recomendaciones personalizadas basadas en su propio entorno y patrones de comportamiento. Kubecost genera autom\u00e1ticamente insights que puede utilizar para ahorrar entre un 30 % y un 50 % o m\u00e1s en su gasto en infraestructura, sin exponer su informaci\u00f3n privada: sus datos nunca se comparten externamente, ni siquiera con nosotros.<\/p><\/div><\/div>\t\t\t\t<\/div>\n\t\t\t\t<\/div>\n\t\t\t\t<div class=\"elementor-element elementor-element-b4be1fb elementor-position-right elementor-vertical-align-middle dce_masking-none elementor-widget elementor-widget-image-box\" data-id=\"b4be1fb\" data-element_type=\"widget\" data-widget_type=\"image-box.default\">\n\t\t\t\t<div class=\"elementor-widget-container\">\n\t\t\t\t\t<div class=\"elementor-image-box-wrapper\"><figure class=\"elementor-image-box-img\"><img loading=\"lazy\" decoding=\"async\" width=\"533\" height=\"311\" src=\"https:\/\/global.apptio.com\/latam\/wp-content\/uploads\/sites\/26\/alerts-int.svg\" class=\"attachment-full size-full wp-image-851\" alt=\"\" \/><\/figure><div class=\"elementor-image-box-content\"><h3 class=\"elementor-image-box-title\">Alertas y gobernanza<\/h3><p class=\"elementor-image-box-description\">La funcionalidad de alertas en tiempo real y los informes peri\u00f3dicos permiten a los equipos controlar su infraestructura habilitada para Kubernetes, mantenerse dentro de los l\u00edmites del presupuesto y abordar inmediatamente las interrupciones en el monitoreo. Logre el m\u00e1ximo rendimiento de las aplicaciones y mejore la confiabilidad con alertas personalizables, niveles de disponibilidad configurables y actualizaciones en tiempo real.<\/p><\/div><\/div>\t\t\t\t<\/div>\n\t\t\t\t<\/div>\n\t\t\t\t\t<\/div>\n\t\t\t\t<\/div>\n\t\t<div class=\"elementor-element elementor-element-a3a04de ap-top-lg-pdg e-flex e-con-boxed e-con e-parent\" data-id=\"a3a04de\" data-element_type=\"container\">\n\t\t\t\t\t<div class=\"e-con-inner\">\n\t\t\t\t<div class=\"elementor-element elementor-element-e336494 elementor-widget__width-initial elementor-widget-mobile__width-inherit elementor-widget elementor-widget-text-editor\" data-id=\"e336494\" data-element_type=\"widget\" data-widget_type=\"text-editor.default\">\n\t\t\t\t<div class=\"elementor-widget-container\">\n\t\t\t\t\t\t\t\t\t<h2 style=\"text-align: left;\">Dise\u00f1ado espec\u00edficamente para equipos que utilizan Kubernetes<\/h2><p>Kubecost, una empresa de IBM, comenz\u00f3 como un proyecto de c\u00f3digo abierto con el objetivo de proporcionar a los peque\u00f1os equipos de ingenier\u00eda una gran visibilidad de los costos. Como resultado, nuestra soluci\u00f3n est\u00e1 estrechamente integrada con el ecosistema nativo de la nube de c\u00f3digo abierto, como Kubernetes, Prometheus y Grafana.<\/p><p>La ejecuci\u00f3n de contenedores en Kubernetes requiere un nuevo enfoque para visualizar y optimizar el gasto. Kubecost est\u00e1 dise\u00f1ado desde cero para Kubernetes y el ecosistema nativo de la nube.<\/p>\t\t\t\t\t\t\t\t<\/div>\n\t\t\t\t<\/div>\n\t\t\t\t<div data-dce-title-color=\"#023927D9\" class=\"elementor-element elementor-element-917247a elementor-widget__width-initial elementor-widget-mobile__width-inherit elementor-widget elementor-widget-tp-pricing-table\" data-id=\"917247a\" data-element_type=\"widget\" data-widget_type=\"tp-pricing-table.default\">\n\t\t\t\t<div class=\"elementor-widget-container\">\n\t\t\t\t\t<div id=\"plus-pricing-table\" class=\"plus-pricing-table pricing-style-2 hover_normal \" ><div class=\"pricing-table-inner \"><div class=\"pricing-title-content style-1\"><div class=\"pricing-title-wrap\"><div class=\"pricing-title\">Fundamentos<\/div><\/div><div class=\"pricing-subtitle-wrap\"><div class=\"pricing-subtitle\">Para personas, equipos peque\u00f1os o aquellos que solo necesitan una instant\u00e1nea r\u00e1pida de su gasto actual en Kubernetes y el uso individual de cl\u00fasteres en un despliegue autohospedado.<\/div><\/div><\/div><div class=\"pricing-price-wrap style-1\"><span class=\"pricing-price\"><\/span><\/div><div class=\"pt-plus-button-wrapper\"><div class=\"button_parallax\"><div class=\"ts-button\"><div class=\"pt_plus_button btn69e5a38ba1cd0 button-style-9 \"><div class=\"animted-content-inner\"><a href=\"https:\/\/www.apptio.com\/products\/kiubecost\/install\" target=\"_blank\" class=\"button-link-wrap\" role=\"button\">Instalar ahora<span class=\"btn-arrow\"><i class=\"fa-show fa fa-chevron-right\" aria-hidden=\"true\"><\/i><i class=\"fa-hide fa fa-chevron-right\" aria-hidden=\"true\"><\/i><\/span><\/a><\/div><\/div><\/div><\/div><\/div><div class=\"pricing-overlay-color \"><\/div><\/div><\/div>\t\t\t\t<\/div>\n\t\t\t\t<\/div>\n\t\t\t\t\t<\/div>\n\t\t\t\t<\/div>\n\t\t\t\t<\/div>\n\t\t","protected":false},"excerpt":{"rendered":"<p>IBM Kubecost Monitoree y reduzca el gasto en Kubernetes\u200b Solicite una prueba sin costo No se puede optimizar lo que no se ve El desperdicio innecesario de Kubernetes aumenta los costos, y la mayor\u00eda de las empresas se sorprenden cuando reciben su factura mensual de la nube. Esta muestra un total sin explicar qu\u00e9 cargas [&hellip;]<\/p>\n","protected":false},"author":1,"featured_media":0,"parent":553,"menu_order":0,"comment_status":"closed","ping_status":"closed","template":"","meta":{"_acf_changed":false,"_relevanssi_hide_post":"","_relevanssi_hide_content":"","_relevanssi_pin_for_all":"","_relevanssi_pin_keywords":"","_relevanssi_unpin_keywords":"","_relevanssi_related_keywords":"","_relevanssi_related_include_ids":"","_relevanssi_related_exclude_ids":"","_relevanssi_related_no_append":"","_relevanssi_related_not_related":"","_relevanssi_related_posts":"","_relevanssi_noindex_reason":"","footnotes":""},"class_list":["post-842","page","type-page","status-publish","hentry"],"acf":[],"_links":{"self":[{"href":"https:\/\/global.apptio.com\/latam\/wp-json\/wp\/v2\/pages\/842","targetHints":{"allow":["GET"]}}],"collection":[{"href":"https:\/\/global.apptio.com\/latam\/wp-json\/wp\/v2\/pages"}],"about":[{"href":"https:\/\/global.apptio.com\/latam\/wp-json\/wp\/v2\/types\/page"}],"author":[{"embeddable":true,"href":"https:\/\/global.apptio.com\/latam\/wp-json\/wp\/v2\/users\/1"}],"replies":[{"embeddable":true,"href":"https:\/\/global.apptio.com\/latam\/wp-json\/wp\/v2\/comments?post=842"}],"version-history":[{"count":4,"href":"https:\/\/global.apptio.com\/latam\/wp-json\/wp\/v2\/pages\/842\/revisions"}],"predecessor-version":[{"id":855,"href":"https:\/\/global.apptio.com\/latam\/wp-json\/wp\/v2\/pages\/842\/revisions\/855"}],"up":[{"embeddable":true,"href":"https:\/\/global.apptio.com\/latam\/wp-json\/wp\/v2\/pages\/553"}],"wp:attachment":[{"href":"https:\/\/global.apptio.com\/latam\/wp-json\/wp\/v2\/media?parent=842"}],"curies":[{"name":"wp","href":"https:\/\/api.w.org\/{rel}","templated":true}]}}