{"id":669,"date":"2025-12-04T14:41:31","date_gmt":"2025-12-04T22:41:31","guid":{"rendered":"https:\/\/global.apptio.com\/it\/?page_id=669"},"modified":"2025-12-04T14:48:46","modified_gmt":"2025-12-04T22:48:46","slug":"ibm-kubecost","status":"publish","type":"page","link":"https:\/\/global.apptio.com\/it\/products\/ibm-kubecost\/","title":{"rendered":"IBM Kubecost"},"content":{"rendered":"\t\t<div data-elementor-type=\"wp-page\" data-elementor-id=\"669\" class=\"elementor elementor-669\" data-elementor-post-type=\"page\">\n\t\t\t\t<div data-dce-background-color=\"#64E892\" data-dce-background-overlay-image-url=\"https:\/\/global.apptio.com\/it\/wp-content\/uploads\/sites\/30\/kubecost-bug.svg\" class=\"elementor-element elementor-element-d5a8157 ap-top-lg-pdg ap-txt-lt-bg e-flex e-con-boxed e-con e-parent\" data-id=\"d5a8157\" data-element_type=\"container\" data-settings=\"{&quot;background_background&quot;:&quot;classic&quot;}\">\n\t\t\t\t\t<div class=\"e-con-inner\">\n\t\t\t\t<div class=\"elementor-element elementor-element-40d0e8d elementor-widget elementor-widget-heading\" data-id=\"40d0e8d\" data-element_type=\"widget\" data-widget_type=\"heading.default\">\n\t\t\t\t<div class=\"elementor-widget-container\">\n\t\t\t\t\t<h1 class=\"elementor-heading-title elementor-size-default\">IBM Kubecost<\/h1>\t\t\t\t<\/div>\n\t\t\t\t<\/div>\n\t\t\t\t<div class=\"elementor-element elementor-element-715357c elementor-widget-mobile__width-initial elementor-widget-tablet__width-initial elementor-widget elementor-widget-heading\" data-id=\"715357c\" data-element_type=\"widget\" data-widget_type=\"heading.default\">\n\t\t\t\t<div class=\"elementor-widget-container\">\n\t\t\t\t\t<p class=\"elementor-heading-title elementor-size-large\">Monitora e riduci la spesa per Kubernetes<\/p>\t\t\t\t<\/div>\n\t\t\t\t<\/div>\n\t\t\t\t<div class=\"elementor-element elementor-element-1230004 apto-trackme apti-btn-org elementor-widget elementor-widget-button\" data-id=\"1230004\" data-element_type=\"widget\" apto-event-category=\"Button - Hero\" apto-event-action=\"Click - Request Cldy Trial\" apto-event-label=\"\" data-widget_type=\"button.default\">\n\t\t\t\t<div class=\"elementor-widget-container\">\n\t\t\t\t\t\t\t\t\t<div class=\"elementor-button-wrapper\">\n\t\t\t\t\t<a class=\"elementor-button elementor-button-link elementor-size-md\" href=\"#demo-request\">\n\t\t\t\t\t\t<span class=\"elementor-button-content-wrapper\">\n\t\t\t\t\t\t\t\t\t<span class=\"elementor-button-text\">Richiedi una prova gratuita<\/span>\n\t\t\t\t\t<\/span>\n\t\t\t\t\t<\/a>\n\t\t\t\t<\/div>\n\t\t\t\t\t\t\t\t<\/div>\n\t\t\t\t<\/div>\n\t\t\t\t\t<\/div>\n\t\t\t\t<\/div>\n\t\t<div class=\"elementor-element elementor-element-f25544f ap-top-md-pdg e-flex e-con-boxed e-con e-parent\" data-id=\"f25544f\" data-element_type=\"container\">\n\t\t\t\t\t<div class=\"e-con-inner\">\n\t\t\t\t<div class=\"elementor-element elementor-element-e6581b1 elementor-widget__width-initial elementor-widget-mobile__width-inherit elementor-widget elementor-widget-text-editor\" data-id=\"e6581b1\" data-element_type=\"widget\" data-widget_type=\"text-editor.default\">\n\t\t\t\t<div class=\"elementor-widget-container\">\n\t\t\t\t\t\t\t\t\t<h2>Non puoi ottimizzare ci\u00f2 che non puoi vedere<\/h2><p>Gli sprechi inutili di Kubernetes fanno aumentare i costi e la maggior parte delle aziende \u00e8 sorpresa quando riceve la bolletta mensile del cloud. Mostra un&#8217;aggregazione senza spiegare quale workload e quali team utilizzano quali risorse, quanto e quando.<\/p><p>IBM Kubecost offre una soluzione completa di monitoraggio e ottimizzazione dei costi per i team che usano Kubernetes, che pu\u00f2 essere <a href=\"https:\/\/www.apptio.com\/products\/kubecost\/install\" target=\"_blank\" rel=\"noopener\">installata in 5 minuti<\/a> o meno. Aiuta a prendere il controllo dei costi del cloud Kubernetes per avere visibilit\u00e0 dei costi in tempo reale, ottimizzare la spesa e prendere decisioni informate con facilit\u00e0. Elimina le sorprese relative alle spese e ottieni visibilit\u00e0 sui costi di Kubernetes mantenendo prestazioni di prim&#8217;ordine.<\/p>\t\t\t\t\t\t\t\t<\/div>\n\t\t\t\t<\/div>\n\t\t\t\t<div class=\"elementor-element elementor-element-0835883 elementor-widget__width-initial apti-card-bg elementor-widget-mobile__width-inherit elementor-widget elementor-widget-ucaddon_wistia_player\" data-id=\"0835883\" data-element_type=\"widget\" data-widget_type=\"ucaddon_wistia_player.default\">\n\t\t\t\t<div class=\"elementor-widget-container\">\n\t\t\t\t\t\n<!-- start Wistia Player -->\n\n<script src=\"https:\/\/fast.wistia.com\/embed\/medias\/n4csfsotfz.jsonp\" async><\/script>\n\t\t<script>\nwindow._wq = window._wq || [];\n_wq.push({\n  id: \"n4csfsotfz\",\n  options: {\n    plugin: {\n      \"captions-v1\": {\n        onByDefault: true,\n        language: 'ita'\n      }\n    }\n  }\n});\n<\/script>\n\n<script src=\"https:\/\/fast.wistia.com\/assets\/external\/E-v1.js\" async><\/script>\n<div class=\"wistia_responsive_padding\" style=\"padding: 56.25% 0 0 0; position: relative;\">\n  <div class=\"wistia_responsive_wrapper\" style=\"height: 100%; left: 0; position: absolute; top: 0; width: 100%;\">\n    <div class=\"wistia_embed wistia_async_n4csfsotfz videoFoam=true\" style=\"height: 100%; position: relative; width: 100%;\">\n      <div class=\"wistia_swatch\" style=\"height: 100%; left: 0; opacity: 0; overflow: hidden; position: absolute; top: 0; transition: opacity 200ms; width: 100%;\">\n        <img decoding=\"async\" style=\"filter: blur(5px); height: 100%; object-fit: contain; width: 100%;\" src=\"https:\/\/fast.wistia.com\/embed\/medias\/n4csfsotfz\/swatch\" alt=\"\" aria-hidden=\"true\" \/>\n      <\/div>\n    <\/div>\n  <\/div>\n<\/div>\n<!-- end Wistia Player -->\t\t\t\t<\/div>\n\t\t\t\t<\/div>\n\t\t\t\t\t<\/div>\n\t\t\t\t<\/div>\n\t\t<div data-dce-background-color=\"#95EAB3\" class=\"elementor-element elementor-element-31197d7 ap-top-lg-pdg e-flex e-con-boxed e-con e-parent\" data-id=\"31197d7\" data-element_type=\"container\" data-settings=\"{&quot;background_background&quot;:&quot;classic&quot;}\">\n\t\t\t\t\t<div class=\"e-con-inner\">\n\t\t\t\t<div class=\"elementor-element elementor-element-b930821 elementor-widget elementor-widget-heading\" data-id=\"b930821\" data-element_type=\"widget\" data-widget_type=\"heading.default\">\n\t\t\t\t<div class=\"elementor-widget-container\">\n\t\t\t\t\t<h2 class=\"elementor-heading-title elementor-size-default\">Collegare tutti i livelli dell'azienda<\/h2>\t\t\t\t<\/div>\n\t\t\t\t<\/div>\n\t\t\t\t<div class=\"elementor-element elementor-element-59ee6ba elementor-position-left elementor-position-left elementor-vertical-align-middle elementor-vertical-align-middle dce_masking-none elementor-widget elementor-widget-image-box\" data-id=\"59ee6ba\" data-element_type=\"widget\" data-widget_type=\"image-box.default\">\n\t\t\t\t<div class=\"elementor-widget-container\">\n\t\t\t\t\t<div class=\"elementor-image-box-wrapper\"><figure class=\"elementor-image-box-img\"><img loading=\"lazy\" decoding=\"async\" width=\"421\" height=\"268\" src=\"https:\/\/global.apptio.com\/it\/wp-content\/uploads\/sites\/30\/cost-allocation-int.svg\" class=\"attachment-full size-full wp-image-672\" alt=\"\" \/><\/figure><div class=\"elementor-image-box-content\"><h3 class=\"elementor-image-box-title\">Allocazione dei costi<\/h3><p class=\"elementor-image-box-description\">Kubecost ti consente di visualizzare la spesa allocata in tutti i tuoi concetti Kubernetes nativi, in modo da fornire ai tuoi team dati sui costi trasparenti e accurati in linea con la tua fattura cloud effettiva. Consente una ripartizione dei costi flessibile e personalizzabile e l'allocazione delle risorse per showback, chargeback e monitoraggio continuo accurati.<\/p><\/div><\/div>\t\t\t\t<\/div>\n\t\t\t\t<\/div>\n\t\t\t\t<div class=\"elementor-element elementor-element-0069d9c elementor-position-right elementor-vertical-align-middle dce_masking-none elementor-widget elementor-widget-image-box\" data-id=\"0069d9c\" data-element_type=\"widget\" data-widget_type=\"image-box.default\">\n\t\t\t\t<div class=\"elementor-widget-container\">\n\t\t\t\t\t<div class=\"elementor-image-box-wrapper\"><figure class=\"elementor-image-box-img\"><img loading=\"lazy\" decoding=\"async\" width=\"449\" height=\"302\" src=\"https:\/\/global.apptio.com\/it\/wp-content\/uploads\/sites\/30\/unified-cost-int.svg\" class=\"attachment-full size-full wp-image-674\" alt=\"\" \/><\/figure><div class=\"elementor-image-box-content\"><h3 class=\"elementor-image-box-title\">Monitoraggio unificato dei costi<\/h3><p class=\"elementor-image-box-description\">Visualizza tutte le tue spese Kubernetes e fuori cluster in un unico posto, con l'integrazione completa della fatturazione del servizio cloud. Unisci i costi all'interno del cluster, come CPU e memoria, alla spesa esterna al cluster dai servizi di infrastruttura cloud per ottenere una visibilit\u00e0 completa dei costi: tutti i servizi di AWS, GCP e Microsoft Azure sono supportati.<\/p><\/div><\/div>\t\t\t\t<\/div>\n\t\t\t\t<\/div>\n\t\t\t\t<div class=\"elementor-element elementor-element-4b444dc elementor-position-left elementor-vertical-align-middle dce_masking-none elementor-widget elementor-widget-image-box\" data-id=\"4b444dc\" data-element_type=\"widget\" data-widget_type=\"image-box.default\">\n\t\t\t\t<div class=\"elementor-widget-container\">\n\t\t\t\t\t<div class=\"elementor-image-box-wrapper\"><figure class=\"elementor-image-box-img\"><img loading=\"lazy\" decoding=\"async\" width=\"464\" height=\"339\" src=\"https:\/\/global.apptio.com\/it\/wp-content\/uploads\/sites\/30\/optimization-int.svg\" class=\"attachment-full size-full wp-image-676\" alt=\"\" \/><\/figure><div class=\"elementor-image-box-content\"><h3 class=\"elementor-image-box-title\">Insight sull'ottimizzazione<\/h3><p class=\"elementor-image-box-description\">Ottieni consigli personalizzati in base al tuo ambiente e ai tuoi modelli di comportamento. Kubecost genera automaticamente degli insight che puoi utilizzare per risparmiare il 30-50% o pi\u00f9 sulla spesa per l'infrastruttura, senza esporre le informazioni private: i tuoi dati non vengono mai condivisi esternamente, nemmeno con noi.<\/p><\/div><\/div>\t\t\t\t<\/div>\n\t\t\t\t<\/div>\n\t\t\t\t<div class=\"elementor-element elementor-element-a0d0628 elementor-position-right elementor-vertical-align-middle dce_masking-none elementor-widget elementor-widget-image-box\" data-id=\"a0d0628\" data-element_type=\"widget\" data-widget_type=\"image-box.default\">\n\t\t\t\t<div class=\"elementor-widget-container\">\n\t\t\t\t\t<div class=\"elementor-image-box-wrapper\"><figure class=\"elementor-image-box-img\"><img loading=\"lazy\" decoding=\"async\" width=\"533\" height=\"311\" src=\"https:\/\/global.apptio.com\/it\/wp-content\/uploads\/sites\/30\/alerts-int.svg\" class=\"attachment-full size-full wp-image-678\" alt=\"\" \/><\/figure><div class=\"elementor-image-box-content\"><h3 class=\"elementor-image-box-title\">Avvisi e governance<\/h3><p class=\"elementor-image-box-description\">La funzionalit\u00e0 di avviso in tempo reale e i report ricorrenti consentono ai team di assumere il controllo dell'infrastruttura abilitata per Kubernetes, di rispettare i limiti preventivati e di monitorare immediatamente le interruzioni. Raggiungi le massime prestazioni delle applicazioni e migliora l'affidabilit\u00e0 con avvisi personalizzabili, livelli di disponibilit\u00e0 configurabili e aggiornamenti in tempo reale.<\/p><\/div><\/div>\t\t\t\t<\/div>\n\t\t\t\t<\/div>\n\t\t\t\t\t<\/div>\n\t\t\t\t<\/div>\n\t\t<div class=\"elementor-element elementor-element-bd33e60 ap-top-lg-pdg e-flex e-con-boxed e-con e-parent\" data-id=\"bd33e60\" data-element_type=\"container\">\n\t\t\t\t\t<div class=\"e-con-inner\">\n\t\t\t\t<div class=\"elementor-element elementor-element-dbaba4f elementor-widget__width-initial elementor-widget-mobile__width-inherit elementor-widget elementor-widget-text-editor\" data-id=\"dbaba4f\" data-element_type=\"widget\" data-widget_type=\"text-editor.default\">\n\t\t\t\t<div class=\"elementor-widget-container\">\n\t\t\t\t\t\t\t\t\t<h2 style=\"text-align: left;\">Creato appositamente per i team che utilizzano Kubernetes<\/h2><p>Kubecost, una societ\u00e0 IBM, \u00e8 nato come progetto open source con l&#8217;obiettivo di offrire ai piccoli team di ingegneri l&#8217;accesso a una visibilit\u00e0 ottimale dei costi. Come risultato, la nostra soluzione \u00e8 strettamente integrata con l&#8217;ecosistema open source cloud-native, come Kubernetes, Prometheus e Grafana.<\/p><p>L&#8217;esecuzione di container su Kubernetes richiede un nuovo approccio per visualizzare e ottimizzare la spesa. Kubecost \u00e8 stato progettato da zero per Kubernetes e l&#8217;ecosistema cloud-native.<\/p>\t\t\t\t\t\t\t\t<\/div>\n\t\t\t\t<\/div>\n\t\t\t\t<div data-dce-title-color=\"#023927D9\" class=\"elementor-element elementor-element-3dbceeb elementor-widget__width-initial elementor-widget-mobile__width-inherit elementor-widget elementor-widget-tp-pricing-table\" data-id=\"3dbceeb\" data-element_type=\"widget\" data-widget_type=\"tp-pricing-table.default\">\n\t\t\t\t<div class=\"elementor-widget-container\">\n\t\t\t\t\t<div id=\"plus-pricing-table\" class=\"plus-pricing-table pricing-style-2 hover_normal \" ><div class=\"pricing-table-inner \"><div class=\"pricing-title-content style-1\"><div class=\"pricing-title-wrap\"><div class=\"pricing-title\">Le basi<\/div><\/div><div class=\"pricing-subtitle-wrap\"><div class=\"pricing-subtitle\">Per singoli utenti, piccoli team o per coloro che necessitano semplicemente di un&#039;istantanea rapida della spesa corrente per Kubernetes e dell&#039;utilizzo dei singoli cluster in una distribuzione self-hosted.<\/div><\/div><\/div><div class=\"pricing-price-wrap style-1\"><span class=\"pricing-price\"><\/span><\/div><div class=\"pt-plus-button-wrapper\"><div class=\"button_parallax\"><div class=\"ts-button\"><div class=\"pt_plus_button btn69f4de852bbb1 button-style-9 \"><div class=\"animted-content-inner\"><a href=\"https:\/\/www.apptio.com\/products\/kiubecost\/install\" target=\"_blank\" class=\"button-link-wrap\" role=\"button\">Installa ora<span class=\"btn-arrow\"><i class=\"fa-show fa fa-chevron-right\" aria-hidden=\"true\"><\/i><i class=\"fa-hide fa fa-chevron-right\" aria-hidden=\"true\"><\/i><\/span><\/a><\/div><\/div><\/div><\/div><\/div><div class=\"pricing-overlay-color \"><\/div><\/div><\/div>\t\t\t\t<\/div>\n\t\t\t\t<\/div>\n\t\t\t\t\t<\/div>\n\t\t\t\t<\/div>\n\t\t\t\t<\/div>\n\t\t","protected":false},"excerpt":{"rendered":"<p>IBM Kubecost Monitora e riduci la spesa per Kubernetes Richiedi una prova gratuita Non puoi ottimizzare ci\u00f2 che non puoi vedere Gli sprechi inutili di Kubernetes fanno aumentare i costi e la maggior parte delle aziende \u00e8 sorpresa quando riceve la bolletta mensile del cloud. Mostra un&#8217;aggregazione senza spiegare quale workload e quali team utilizzano [&hellip;]<\/p>\n","protected":false},"author":1,"featured_media":0,"parent":424,"menu_order":0,"comment_status":"closed","ping_status":"closed","template":"","meta":{"_acf_changed":false,"_relevanssi_hide_post":"","_relevanssi_hide_content":"","_relevanssi_pin_for_all":"","_relevanssi_pin_keywords":"","_relevanssi_unpin_keywords":"","_relevanssi_related_keywords":"","_relevanssi_related_include_ids":"","_relevanssi_related_exclude_ids":"","_relevanssi_related_no_append":"","_relevanssi_related_not_related":"","_relevanssi_related_posts":"","_relevanssi_noindex_reason":"","footnotes":""},"class_list":["post-669","page","type-page","status-publish","hentry"],"acf":[],"_links":{"self":[{"href":"https:\/\/global.apptio.com\/it\/wp-json\/wp\/v2\/pages\/669","targetHints":{"allow":["GET"]}}],"collection":[{"href":"https:\/\/global.apptio.com\/it\/wp-json\/wp\/v2\/pages"}],"about":[{"href":"https:\/\/global.apptio.com\/it\/wp-json\/wp\/v2\/types\/page"}],"author":[{"embeddable":true,"href":"https:\/\/global.apptio.com\/it\/wp-json\/wp\/v2\/users\/1"}],"replies":[{"embeddable":true,"href":"https:\/\/global.apptio.com\/it\/wp-json\/wp\/v2\/comments?post=669"}],"version-history":[{"count":4,"href":"https:\/\/global.apptio.com\/it\/wp-json\/wp\/v2\/pages\/669\/revisions"}],"predecessor-version":[{"id":682,"href":"https:\/\/global.apptio.com\/it\/wp-json\/wp\/v2\/pages\/669\/revisions\/682"}],"up":[{"embeddable":true,"href":"https:\/\/global.apptio.com\/it\/wp-json\/wp\/v2\/pages\/424"}],"wp:attachment":[{"href":"https:\/\/global.apptio.com\/it\/wp-json\/wp\/v2\/media?parent=669"}],"curies":[{"name":"wp","href":"https:\/\/api.w.org\/{rel}","templated":true}]}}