{"id":691,"date":"2025-12-03T14:44:04","date_gmt":"2025-12-03T22:44:04","guid":{"rendered":"https:\/\/global.apptio.com\/fr\/?page_id=691"},"modified":"2025-12-03T15:47:04","modified_gmt":"2025-12-03T23:47:04","slug":"ibm-kubecost","status":"publish","type":"page","link":"https:\/\/global.apptio.com\/fr\/products\/ibm-kubecost\/","title":{"rendered":"IBM Kubecost"},"content":{"rendered":"\t\t<div data-elementor-type=\"wp-page\" data-elementor-id=\"691\" class=\"elementor elementor-691\" data-elementor-post-type=\"page\">\n\t\t\t\t<div data-dce-background-color=\"#64E892\" data-dce-background-overlay-image-url=\"https:\/\/global.apptio.com\/fr\/wp-content\/uploads\/sites\/28\/kubecost-bug.svg\" class=\"elementor-element elementor-element-129da6d ap-top-lg-pdg ap-txt-lt-bg e-flex e-con-boxed e-con e-parent\" data-id=\"129da6d\" data-element_type=\"container\" data-settings=\"{&quot;background_background&quot;:&quot;classic&quot;}\">\n\t\t\t\t\t<div class=\"e-con-inner\">\n\t\t\t\t<div class=\"elementor-element elementor-element-6ea1acd elementor-widget elementor-widget-heading\" data-id=\"6ea1acd\" data-element_type=\"widget\" data-widget_type=\"heading.default\">\n\t\t\t\t<div class=\"elementor-widget-container\">\n\t\t\t\t\t<h1 class=\"elementor-heading-title elementor-size-default\">IBM Kubecost<\/h1>\t\t\t\t<\/div>\n\t\t\t\t<\/div>\n\t\t\t\t<div class=\"elementor-element elementor-element-d4cb3c1 elementor-widget-mobile__width-initial elementor-widget-tablet__width-initial elementor-widget elementor-widget-heading\" data-id=\"d4cb3c1\" data-element_type=\"widget\" data-widget_type=\"heading.default\">\n\t\t\t\t<div class=\"elementor-widget-container\">\n\t\t\t\t\t<p class=\"elementor-heading-title elementor-size-large\">Contr\u00f4lez et r\u00e9duisez les d\u00e9penses li\u00e9es \u00e0 Kubernetes<\/p>\t\t\t\t<\/div>\n\t\t\t\t<\/div>\n\t\t\t\t<div class=\"elementor-element elementor-element-ccfd206 apto-trackme apti-btn-org elementor-widget elementor-widget-button\" data-id=\"ccfd206\" data-element_type=\"widget\" apto-event-category=\"Button - Hero\" apto-event-action=\"Click - Request Cldy Trial\" apto-event-label=\"\" data-widget_type=\"button.default\">\n\t\t\t\t<div class=\"elementor-widget-container\">\n\t\t\t\t\t\t\t\t\t<div class=\"elementor-button-wrapper\">\n\t\t\t\t\t<a class=\"elementor-button elementor-button-link elementor-size-md\" href=\"#demo-request\">\n\t\t\t\t\t\t<span class=\"elementor-button-content-wrapper\">\n\t\t\t\t\t\t\t\t\t<span class=\"elementor-button-text\">Demander un essai gratuit<\/span>\n\t\t\t\t\t<\/span>\n\t\t\t\t\t<\/a>\n\t\t\t\t<\/div>\n\t\t\t\t\t\t\t\t<\/div>\n\t\t\t\t<\/div>\n\t\t\t\t\t<\/div>\n\t\t\t\t<\/div>\n\t\t<div class=\"elementor-element elementor-element-a57ba23 ap-top-md-pdg e-flex e-con-boxed e-con e-parent\" data-id=\"a57ba23\" data-element_type=\"container\">\n\t\t\t\t\t<div class=\"e-con-inner\">\n\t\t\t\t<div class=\"elementor-element elementor-element-1a7b52c elementor-widget__width-initial elementor-widget-mobile__width-inherit elementor-widget elementor-widget-text-editor\" data-id=\"1a7b52c\" data-element_type=\"widget\" data-widget_type=\"text-editor.default\">\n\t\t\t\t<div class=\"elementor-widget-container\">\n\t\t\t\t\t\t\t\t\t<h2>Vous ne pouvez pas optimiser ce que vous ne voyez pas<\/h2><p>Le gaspillage inutile de Kubernetes fait grimper les co\u00fbts, ce qui fait que la plupart des entreprises sont surprises lorsqu\u2019elles re\u00e7oivent leur facture mensuelle de cloud. Celle-ci montre un total sans expliquer quels workloads et quelles \u00e9quipes utilisent telles ressources, dans quelle proportion et quand.<\/p><p>IBM\u00a0Kubecost fournit une solution compl\u00e8te de contr\u00f4le et d\u2019optimisation des co\u00fbts pour les \u00e9quipes qui utilisent Kubernetes, que vous pouvez <a href=\"https:\/\/www.apptio.com\/products\/kubecost\/install\/\" target=\"_blank\" rel=\"noopener\">installer en 5\u00a0minutes ou moins<\/a>. Cet outil vous aide \u00e0 ma\u00eetriser vos co\u00fbts de cloud Kubernetes pour obtenir une visibilit\u00e9 en temps r\u00e9el, optimiser vos d\u00e9penses et prendre des d\u00e9cisions \u00e9clair\u00e9es en toute simplicit\u00e9. \u00c9vitez les mauvaises surprises et gagnez en visibilit\u00e9 sur vos co\u00fbts Kubernetes tout en maintenant des performances \u00e9lev\u00e9es.<\/p>\t\t\t\t\t\t\t\t<\/div>\n\t\t\t\t<\/div>\n\t\t\t\t<div class=\"elementor-element elementor-element-84a0576 elementor-widget__width-initial apti-card-bg elementor-widget-mobile__width-inherit elementor-widget elementor-widget-ucaddon_wistia_player\" data-id=\"84a0576\" data-element_type=\"widget\" data-widget_type=\"ucaddon_wistia_player.default\">\n\t\t\t\t<div class=\"elementor-widget-container\">\n\t\t\t\t\t\n<!-- start Wistia Player -->\n\n<script src=\"https:\/\/fast.wistia.com\/embed\/medias\/n4csfsotfz.jsonp\" async><\/script>\n\t\t<script>\nwindow._wq = window._wq || [];\n_wq.push({\n  id: \"n4csfsotfz\",\n  options: {\n    plugin: {\n      \"captions-v1\": {\n        onByDefault: true,\n        language: 'fra'\n      }\n    }\n  }\n});\n<\/script>\n\n<script src=\"https:\/\/fast.wistia.com\/assets\/external\/E-v1.js\" async><\/script>\n<div class=\"wistia_responsive_padding\" style=\"padding: 56.25% 0 0 0; position: relative;\">\n  <div class=\"wistia_responsive_wrapper\" style=\"height: 100%; left: 0; position: absolute; top: 0; width: 100%;\">\n    <div class=\"wistia_embed wistia_async_n4csfsotfz videoFoam=true\" style=\"height: 100%; position: relative; width: 100%;\">\n      <div class=\"wistia_swatch\" style=\"height: 100%; left: 0; opacity: 0; overflow: hidden; position: absolute; top: 0; transition: opacity 200ms; width: 100%;\">\n        <img decoding=\"async\" style=\"filter: blur(5px); height: 100%; object-fit: contain; width: 100%;\" src=\"https:\/\/fast.wistia.com\/embed\/medias\/n4csfsotfz\/swatch\" alt=\"\" aria-hidden=\"true\" \/>\n      <\/div>\n    <\/div>\n  <\/div>\n<\/div>\n<!-- end Wistia Player -->\t\t\t\t<\/div>\n\t\t\t\t<\/div>\n\t\t\t\t\t<\/div>\n\t\t\t\t<\/div>\n\t\t<div data-dce-background-color=\"#95EAB3\" class=\"elementor-element elementor-element-5952448 ap-top-lg-pdg e-flex e-con-boxed e-con e-parent\" data-id=\"5952448\" data-element_type=\"container\" data-settings=\"{&quot;background_background&quot;:&quot;classic&quot;}\">\n\t\t\t\t\t<div class=\"e-con-inner\">\n\t\t\t\t<div class=\"elementor-element elementor-element-9d8be76 elementor-widget elementor-widget-heading\" data-id=\"9d8be76\" data-element_type=\"widget\" data-widget_type=\"heading.default\">\n\t\t\t\t<div class=\"elementor-widget-container\">\n\t\t\t\t\t<h2 class=\"elementor-heading-title elementor-size-default\">Connecter tous les niveaux de l\u2019entreprise<\/h2>\t\t\t\t<\/div>\n\t\t\t\t<\/div>\n\t\t\t\t<div class=\"elementor-element elementor-element-548a00a elementor-position-left elementor-position-left elementor-vertical-align-middle elementor-vertical-align-middle dce_masking-none elementor-widget elementor-widget-image-box\" data-id=\"548a00a\" data-element_type=\"widget\" data-widget_type=\"image-box.default\">\n\t\t\t\t<div class=\"elementor-widget-container\">\n\t\t\t\t\t<div class=\"elementor-image-box-wrapper\"><figure class=\"elementor-image-box-img\"><img loading=\"lazy\" decoding=\"async\" width=\"421\" height=\"268\" src=\"https:\/\/global.apptio.com\/fr\/wp-content\/uploads\/sites\/28\/cost-allocation-int.svg\" class=\"attachment-full size-full wp-image-713\" alt=\"\" \/><\/figure><div class=\"elementor-image-box-content\"><h3 class=\"elementor-image-box-title\">R\u00e9partition des co\u00fbts<\/h3><p class=\"elementor-image-box-description\">Kubecost vous permet de voir les d\u00e9penses allou\u00e9es \u00e0 tous vos concepts Kubernetes natifs, afin que vous puissiez fournir \u00e0 vos \u00e9quipes des donn\u00e9es transparentes et pr\u00e9cises sur les co\u00fbts, rapproch\u00e9es de votre facture cloud r\u00e9elle. Vous pourrez ainsi ventiler les co\u00fbts et allouer les ressources de mani\u00e8re souple et personnalisable pour permettre des showbacks et des chargebacks pr\u00e9cis, ainsi qu\u2019un suivi en continu.<\/p><\/div><\/div>\t\t\t\t<\/div>\n\t\t\t\t<\/div>\n\t\t\t\t<div class=\"elementor-element elementor-element-27452f8 elementor-position-right elementor-vertical-align-middle dce_masking-none elementor-widget elementor-widget-image-box\" data-id=\"27452f8\" data-element_type=\"widget\" data-widget_type=\"image-box.default\">\n\t\t\t\t<div class=\"elementor-widget-container\">\n\t\t\t\t\t<div class=\"elementor-image-box-wrapper\"><figure class=\"elementor-image-box-img\"><img loading=\"lazy\" decoding=\"async\" width=\"449\" height=\"302\" src=\"https:\/\/global.apptio.com\/fr\/wp-content\/uploads\/sites\/28\/unified-cost-int.svg\" class=\"attachment-full size-full wp-image-714\" alt=\"\" \/><\/figure><div class=\"elementor-image-box-content\"><h3 class=\"elementor-image-box-title\">Contr\u00f4le unifi\u00e9 des co\u00fbts<\/h3><p class=\"elementor-image-box-description\">Consultez toutes vos d\u00e9penses Kubernetes et hors cluster au m\u00eame endroit, avec une int\u00e9gration compl\u00e8te de la facturation du service cloud. Associez les co\u00fbts intra-cluster tels que le CPU et la m\u00e9moire aux d\u00e9penses hors cluster li\u00e9es aux services d\u2019infrastructure cloud pour avoir une visibilit\u00e9 totale sur les co\u00fbts (tous les services d\u2019AWS, de GCP et de Microsoft\u00a0Azure sont pris en charge).<\/p><\/div><\/div>\t\t\t\t<\/div>\n\t\t\t\t<\/div>\n\t\t\t\t<div class=\"elementor-element elementor-element-9bbe982 elementor-position-left elementor-vertical-align-middle dce_masking-none elementor-widget elementor-widget-image-box\" data-id=\"9bbe982\" data-element_type=\"widget\" data-widget_type=\"image-box.default\">\n\t\t\t\t<div class=\"elementor-widget-container\">\n\t\t\t\t\t<div class=\"elementor-image-box-wrapper\"><figure class=\"elementor-image-box-img\"><img loading=\"lazy\" decoding=\"async\" width=\"464\" height=\"339\" src=\"https:\/\/global.apptio.com\/fr\/wp-content\/uploads\/sites\/28\/optimization-int.svg\" class=\"attachment-full size-full wp-image-715\" alt=\"\" \/><\/figure><div class=\"elementor-image-box-content\"><h3 class=\"elementor-image-box-title\">Informations d\u2019optimisation<\/h3><p class=\"elementor-image-box-description\">Obtenez des recommandations personnalis\u00e9es bas\u00e9es sur votre environnement et vos mod\u00e8les de comportement. Kubecost g\u00e9n\u00e8re automatiquement des informations que vous pouvez exploiter pour \u00e9conomiser 30 \u00e0 50\u00a0% ou plus sur vos d\u00e9penses d\u2019infrastructure, sans exposer vos informations priv\u00e9es (vos donn\u00e9es ne sont jamais partag\u00e9es \u00e0 l\u2019ext\u00e9rieur, m\u00eame avec nous).<\/p><\/div><\/div>\t\t\t\t<\/div>\n\t\t\t\t<\/div>\n\t\t\t\t<div class=\"elementor-element elementor-element-e8b68cd elementor-position-right elementor-vertical-align-middle dce_masking-none elementor-widget elementor-widget-image-box\" data-id=\"e8b68cd\" data-element_type=\"widget\" data-widget_type=\"image-box.default\">\n\t\t\t\t<div class=\"elementor-widget-container\">\n\t\t\t\t\t<div class=\"elementor-image-box-wrapper\"><figure class=\"elementor-image-box-img\"><img loading=\"lazy\" decoding=\"async\" width=\"533\" height=\"311\" src=\"https:\/\/global.apptio.com\/fr\/wp-content\/uploads\/sites\/28\/alerts-int.svg\" class=\"attachment-full size-full wp-image-716\" alt=\"\" \/><\/figure><div class=\"elementor-image-box-content\"><h3 class=\"elementor-image-box-title\">Alertes et gouvernance<\/h3><p class=\"elementor-image-box-description\">La fonctionnalit\u00e9 d\u2019alerte en temps r\u00e9el et les rapports r\u00e9currents permettent aux \u00e9quipes de prendre le contr\u00f4le de leur infrastructure Kubernetes, de rester dans les limites budg\u00e9taires et de rem\u00e9dier imm\u00e9diatement aux interruptions de surveillance. Atteignez les performances maximales des applications et am\u00e9liorez la fiabilit\u00e9 gr\u00e2ce \u00e0 des alertes personnalisables, des niveaux de disponibilit\u00e9 configurables et des mises \u00e0 jour en temps r\u00e9el.<\/p><\/div><\/div>\t\t\t\t<\/div>\n\t\t\t\t<\/div>\n\t\t\t\t\t<\/div>\n\t\t\t\t<\/div>\n\t\t<div class=\"elementor-element elementor-element-d8bffb0 ap-top-lg-pdg e-flex e-con-boxed e-con e-parent\" data-id=\"d8bffb0\" data-element_type=\"container\">\n\t\t\t\t\t<div class=\"e-con-inner\">\n\t\t\t\t<div class=\"elementor-element elementor-element-0e25c69 elementor-widget__width-initial elementor-widget-mobile__width-inherit elementor-widget elementor-widget-text-editor\" data-id=\"0e25c69\" data-element_type=\"widget\" data-widget_type=\"text-editor.default\">\n\t\t\t\t<div class=\"elementor-widget-container\">\n\t\t\t\t\t\t\t\t\t<h2 style=\"text-align: left;\">Con\u00e7u pour les \u00e9quipes utilisant Kubernetes<\/h2><p>Kubecost, une soci\u00e9t\u00e9 IBM, a commenc\u00e9 sous forme de projet open source dans le but d\u2019offrir aux petites \u00e9quipes d\u2019ing\u00e9nieurs une excellente visibilit\u00e9 sur les co\u00fbts. Ainsi, notre solution est \u00e9troitement int\u00e9gr\u00e9e \u00e0 l\u2019\u00e9cosyst\u00e8me open source cloud natif, tel que Kubernetes, Prometheus, et Grafana.<\/p><p>L\u2019ex\u00e9cution de conteneurs sur Kubernetes n\u00e9cessite une nouvelle approche de visualisation et d\u2019optimisation des d\u00e9penses. Kubecost est con\u00e7u d\u00e8s le d\u00e9part pour Kubernetes et l\u2019\u00e9cosyst\u00e8me cloud natif.<\/p>\t\t\t\t\t\t\t\t<\/div>\n\t\t\t\t<\/div>\n\t\t\t\t<div data-dce-title-color=\"#023927D9\" class=\"elementor-element elementor-element-4b16af0 elementor-widget__width-initial elementor-widget-mobile__width-inherit elementor-widget elementor-widget-tp-pricing-table\" data-id=\"4b16af0\" data-element_type=\"widget\" data-widget_type=\"tp-pricing-table.default\">\n\t\t\t\t<div class=\"elementor-widget-container\">\n\t\t\t\t\t<div id=\"plus-pricing-table\" class=\"plus-pricing-table pricing-style-2 hover_normal \" ><div class=\"pricing-table-inner \"><div class=\"pricing-title-content style-1\"><div class=\"pricing-title-wrap\"><div class=\"pricing-title\">Foundations<\/div><\/div><div class=\"pricing-subtitle-wrap\"><div class=\"pricing-subtitle\">Pour les particuliers, les petites \u00e9quipes ou ceux qui ont juste besoin d\u2019un aper\u00e7u rapide de leurs d\u00e9penses Kubernetes actuelles et de l\u2019utilisation des clusters individuels dans le cadre d\u2019un d\u00e9ploiement auto-h\u00e9berg\u00e9.<\/div><\/div><\/div><div class=\"pricing-price-wrap style-1\"><span class=\"pricing-price\"><\/span><\/div><div class=\"pt-plus-button-wrapper\"><div class=\"button_parallax\"><div class=\"ts-button\"><div class=\"pt_plus_button btn69e58fdeb70cb button-style-9 \"><div class=\"animted-content-inner\"><a href=\"https:\/\/www.apptio.com\/products\/kiubecost\/install\" target=\"_blank\" class=\"button-link-wrap\" role=\"button\">Installer<span class=\"btn-arrow\"><i class=\"fa-show fa fa-chevron-right\" aria-hidden=\"true\"><\/i><i class=\"fa-hide fa fa-chevron-right\" aria-hidden=\"true\"><\/i><\/span><\/a><\/div><\/div><\/div><\/div><\/div><div class=\"pricing-overlay-color \"><\/div><\/div><\/div>\t\t\t\t<\/div>\n\t\t\t\t<\/div>\n\t\t\t\t\t<\/div>\n\t\t\t\t<\/div>\n\t\t\t\t<\/div>\n\t\t","protected":false},"excerpt":{"rendered":"<p>IBM Kubecost Contr\u00f4lez et r\u00e9duisez les d\u00e9penses li\u00e9es \u00e0 Kubernetes Demander un essai gratuit Vous ne pouvez pas optimiser ce que vous ne voyez pas Le gaspillage inutile de Kubernetes fait grimper les co\u00fbts, ce qui fait que la plupart des entreprises sont surprises lorsqu\u2019elles re\u00e7oivent leur facture mensuelle de cloud. Celle-ci montre un total [&hellip;]<\/p>\n","protected":false},"author":1,"featured_media":0,"parent":425,"menu_order":0,"comment_status":"closed","ping_status":"closed","template":"","meta":{"_acf_changed":false,"_relevanssi_hide_post":"","_relevanssi_hide_content":"","_relevanssi_pin_for_all":"","_relevanssi_pin_keywords":"","_relevanssi_unpin_keywords":"","_relevanssi_related_keywords":"","_relevanssi_related_include_ids":"","_relevanssi_related_exclude_ids":"","_relevanssi_related_no_append":"","_relevanssi_related_not_related":"","_relevanssi_related_posts":"","_relevanssi_noindex_reason":"","footnotes":""},"class_list":["post-691","page","type-page","status-publish","hentry"],"acf":[],"_links":{"self":[{"href":"https:\/\/global.apptio.com\/fr\/wp-json\/wp\/v2\/pages\/691","targetHints":{"allow":["GET"]}}],"collection":[{"href":"https:\/\/global.apptio.com\/fr\/wp-json\/wp\/v2\/pages"}],"about":[{"href":"https:\/\/global.apptio.com\/fr\/wp-json\/wp\/v2\/types\/page"}],"author":[{"embeddable":true,"href":"https:\/\/global.apptio.com\/fr\/wp-json\/wp\/v2\/users\/1"}],"replies":[{"embeddable":true,"href":"https:\/\/global.apptio.com\/fr\/wp-json\/wp\/v2\/comments?post=691"}],"version-history":[{"count":10,"href":"https:\/\/global.apptio.com\/fr\/wp-json\/wp\/v2\/pages\/691\/revisions"}],"predecessor-version":[{"id":728,"href":"https:\/\/global.apptio.com\/fr\/wp-json\/wp\/v2\/pages\/691\/revisions\/728"}],"up":[{"embeddable":true,"href":"https:\/\/global.apptio.com\/fr\/wp-json\/wp\/v2\/pages\/425"}],"wp:attachment":[{"href":"https:\/\/global.apptio.com\/fr\/wp-json\/wp\/v2\/media?parent=691"}],"curies":[{"name":"wp","href":"https:\/\/api.w.org\/{rel}","templated":true}]}}