{"id":716,"date":"2025-12-04T13:14:11","date_gmt":"2025-12-04T21:14:11","guid":{"rendered":"https:\/\/global.apptio.com\/de\/?page_id=716"},"modified":"2025-12-04T13:25:01","modified_gmt":"2025-12-04T21:25:01","slug":"ibm-kubecost","status":"publish","type":"page","link":"https:\/\/global.apptio.com\/de\/products\/ibm-kubecost\/","title":{"rendered":"IBM Kubecost"},"content":{"rendered":"\t\t<div data-elementor-type=\"wp-page\" data-elementor-id=\"716\" class=\"elementor elementor-716\" data-elementor-post-type=\"page\">\n\t\t\t\t<div data-dce-background-color=\"#64E892\" data-dce-background-overlay-image-url=\"https:\/\/global.apptio.com\/de\/wp-content\/uploads\/sites\/29\/kubecost-bug.svg\" class=\"elementor-element elementor-element-c9b2411 ap-top-lg-pdg ap-txt-lt-bg e-flex e-con-boxed e-con e-parent\" data-id=\"c9b2411\" data-element_type=\"container\" data-settings=\"{&quot;background_background&quot;:&quot;classic&quot;}\">\n\t\t\t\t\t<div class=\"e-con-inner\">\n\t\t\t\t<div class=\"elementor-element elementor-element-bb07cfc elementor-widget elementor-widget-heading\" data-id=\"bb07cfc\" data-element_type=\"widget\" data-widget_type=\"heading.default\">\n\t\t\t\t<div class=\"elementor-widget-container\">\n\t\t\t\t\t<h1 class=\"elementor-heading-title elementor-size-default\">IBM Kubecost<\/h1>\t\t\t\t<\/div>\n\t\t\t\t<\/div>\n\t\t\t\t<div class=\"elementor-element elementor-element-c94e9f7 elementor-widget-mobile__width-initial elementor-widget-tablet__width-initial elementor-widget elementor-widget-heading\" data-id=\"c94e9f7\" data-element_type=\"widget\" data-widget_type=\"heading.default\">\n\t\t\t\t<div class=\"elementor-widget-container\">\n\t\t\t\t\t<p class=\"elementor-heading-title elementor-size-large\">Kubernetes-Ausgaben \u00fcberwachen und reduzieren\u200b<\/p>\t\t\t\t<\/div>\n\t\t\t\t<\/div>\n\t\t\t\t<div class=\"elementor-element elementor-element-d51f4d4 apto-trackme apti-btn-org elementor-widget elementor-widget-button\" data-id=\"d51f4d4\" data-element_type=\"widget\" apto-event-category=\"Button - Hero\" apto-event-action=\"Click - Request Cldy Trial\" apto-event-label=\"\" data-widget_type=\"button.default\">\n\t\t\t\t<div class=\"elementor-widget-container\">\n\t\t\t\t\t\t\t\t\t<div class=\"elementor-button-wrapper\">\n\t\t\t\t\t<a class=\"elementor-button elementor-button-link elementor-size-md\" href=\"#demo-request\">\n\t\t\t\t\t\t<span class=\"elementor-button-content-wrapper\">\n\t\t\t\t\t\t\t\t\t<span class=\"elementor-button-text\">Kostenlose Testversion anfordern<\/span>\n\t\t\t\t\t<\/span>\n\t\t\t\t\t<\/a>\n\t\t\t\t<\/div>\n\t\t\t\t\t\t\t\t<\/div>\n\t\t\t\t<\/div>\n\t\t\t\t\t<\/div>\n\t\t\t\t<\/div>\n\t\t<div class=\"elementor-element elementor-element-65c613d ap-top-md-pdg e-flex e-con-boxed e-con e-parent\" data-id=\"65c613d\" data-element_type=\"container\">\n\t\t\t\t\t<div class=\"e-con-inner\">\n\t\t\t\t<div class=\"elementor-element elementor-element-73f11bf elementor-widget__width-initial elementor-widget-mobile__width-inherit elementor-widget elementor-widget-text-editor\" data-id=\"73f11bf\" data-element_type=\"widget\" data-widget_type=\"text-editor.default\">\n\t\t\t\t<div class=\"elementor-widget-container\">\n\t\t\t\t\t\t\t\t\t<h2>Was man nicht sieht, kann man nicht optimieren<\/h2><p>Unn\u00f6tige Verschwendung bei Kubernetes treibt Kosten in die H\u00f6he, und die meisten Unternehmen sind \u00fcberrascht, wenn sie ihre monatliche Cloud-Rechnung erhalten. Sie zeigt den Gesamtsaldo an, ohne zu erl\u00e4utern, welche Workloads und welche Teams welche Ressourcen in welchem Umfang und wann nutzen.<\/p><p>IBM Kubecost bietet eine umfassende L\u00f6sung zur Kosten\u00fcberwachung und -optimierung f\u00fcr Teams, die Kubernetes einsetzen. Die <a href=\"https:\/\/www.apptio.com\/products\/kubecost\/install\" target=\"_blank\" rel=\"noopener\">Installation dauert maximal 5 Minuten<\/a>. Das hilft Ihnen, die Kontrolle \u00fcber Ihre Kubernetes-Cloud-Kosten zu behalten: Sie erhalten Kostentransparenz in Echtzeit, k\u00f6nnen Ausgaben optimieren und m\u00fchelos fundierte Entscheidungen treffen. Vermeiden Sie Kosten\u00fcberraschungen und gewinnen Sie Transparenz \u00fcber Ihre Kubernetes-Kosten bei gleichzeitig erstklassiger Leistung.<\/p>\t\t\t\t\t\t\t\t<\/div>\n\t\t\t\t<\/div>\n\t\t\t\t<div class=\"elementor-element elementor-element-24fe973 elementor-widget__width-initial apti-card-bg elementor-widget-mobile__width-inherit elementor-widget elementor-widget-ucaddon_wistia_player\" data-id=\"24fe973\" data-element_type=\"widget\" data-widget_type=\"ucaddon_wistia_player.default\">\n\t\t\t\t<div class=\"elementor-widget-container\">\n\t\t\t\t\t\n<!-- start Wistia Player -->\n\n<script src=\"https:\/\/fast.wistia.com\/embed\/medias\/n4csfsotfz.jsonp\" async><\/script>\n\t\t<script>\nwindow._wq = window._wq || [];\n_wq.push({\n  id: \"n4csfsotfz\",\n  options: {\n    plugin: {\n      \"captions-v1\": {\n        onByDefault: true,\n        language: 'ger'\n      }\n    }\n  }\n});\n<\/script>\n\n<script src=\"https:\/\/fast.wistia.com\/assets\/external\/E-v1.js\" async><\/script>\n<div class=\"wistia_responsive_padding\" style=\"padding: 56.25% 0 0 0; position: relative;\">\n  <div class=\"wistia_responsive_wrapper\" style=\"height: 100%; left: 0; position: absolute; top: 0; width: 100%;\">\n    <div class=\"wistia_embed wistia_async_n4csfsotfz videoFoam=true\" style=\"height: 100%; position: relative; width: 100%;\">\n      <div class=\"wistia_swatch\" style=\"height: 100%; left: 0; opacity: 0; overflow: hidden; position: absolute; top: 0; transition: opacity 200ms; width: 100%;\">\n        <img decoding=\"async\" style=\"filter: blur(5px); height: 100%; object-fit: contain; width: 100%;\" src=\"https:\/\/fast.wistia.com\/embed\/medias\/n4csfsotfz\/swatch\" alt=\"\" aria-hidden=\"true\" \/>\n      <\/div>\n    <\/div>\n  <\/div>\n<\/div>\n<!-- end Wistia Player -->\t\t\t\t<\/div>\n\t\t\t\t<\/div>\n\t\t\t\t\t<\/div>\n\t\t\t\t<\/div>\n\t\t<div data-dce-background-color=\"#95EAB3\" class=\"elementor-element elementor-element-e5f763e ap-top-lg-pdg e-flex e-con-boxed e-con e-parent\" data-id=\"e5f763e\" data-element_type=\"container\" data-settings=\"{&quot;background_background&quot;:&quot;classic&quot;}\">\n\t\t\t\t\t<div class=\"e-con-inner\">\n\t\t\t\t<div class=\"elementor-element elementor-element-4dca073 elementor-widget elementor-widget-heading\" data-id=\"4dca073\" data-element_type=\"widget\" data-widget_type=\"heading.default\">\n\t\t\t\t<div class=\"elementor-widget-container\">\n\t\t\t\t\t<h2 class=\"elementor-heading-title elementor-size-default\">Vernetzung aller Unternehmensebenen<\/h2>\t\t\t\t<\/div>\n\t\t\t\t<\/div>\n\t\t\t\t<div class=\"elementor-element elementor-element-1d8fb76 elementor-position-left elementor-position-left elementor-vertical-align-middle elementor-vertical-align-middle dce_masking-none elementor-widget elementor-widget-image-box\" data-id=\"1d8fb76\" data-element_type=\"widget\" data-widget_type=\"image-box.default\">\n\t\t\t\t<div class=\"elementor-widget-container\">\n\t\t\t\t\t<div class=\"elementor-image-box-wrapper\"><figure class=\"elementor-image-box-img\"><img loading=\"lazy\" decoding=\"async\" width=\"421\" height=\"268\" src=\"https:\/\/global.apptio.com\/de\/wp-content\/uploads\/sites\/29\/cost-allocation-int.svg\" class=\"attachment-full size-full wp-image-719\" alt=\"\" \/><\/figure><div class=\"elementor-image-box-content\"><h3 class=\"elementor-image-box-title\"> Kostenverteilung<\/h3><p class=\"elementor-image-box-description\">Mit Kubecost k\u00f6nnen Sie die Ausgaben f\u00fcr alle Ihre nativen Kubernetes-Konzepte einsehen und Ihren Teams so transparente und genaue Kostendaten bereitstellen, die mit Ihrer tats\u00e4chlichen Cloud-Rechnung abgeglichen sind. Das erm\u00f6glicht eine flexible, individuell anpassbare Kostenaufschl\u00fcsselung und Ressourcenzuweisung f\u00fcr genaue R\u00fcckerstattungen, Kostenverrechnungen und laufende \u00dcberwachung.<\/p><\/div><\/div>\t\t\t\t<\/div>\n\t\t\t\t<\/div>\n\t\t\t\t<div class=\"elementor-element elementor-element-7a87785 elementor-position-right elementor-vertical-align-middle dce_masking-none elementor-widget elementor-widget-image-box\" data-id=\"7a87785\" data-element_type=\"widget\" data-widget_type=\"image-box.default\">\n\t\t\t\t<div class=\"elementor-widget-container\">\n\t\t\t\t\t<div class=\"elementor-image-box-wrapper\"><figure class=\"elementor-image-box-img\"><img loading=\"lazy\" decoding=\"async\" width=\"449\" height=\"302\" src=\"https:\/\/global.apptio.com\/de\/wp-content\/uploads\/sites\/29\/unified-cost-int.svg\" class=\"attachment-full size-full wp-image-720\" alt=\"\" \/><\/figure><div class=\"elementor-image-box-content\"><h3 class=\"elementor-image-box-title\">Einheitliche Kosten\u00fcberwachung<\/h3><p class=\"elementor-image-box-description\">Behalten Sie Ihre gesamten Kubernetes- und Out-of-Cluster-Ausgaben an einem Ort im Blick\u00a0\u2013 mit vollst\u00e4ndiger Integration der Cloud-Service-Abrechnung. Kombinieren Sie die Kosten innerhalb des Clusters, wie CPU und Arbeitsspeicher, mit den Ausgaben au\u00dferhalb des Clusters von Cloud-Infrastrukturservices, um vollst\u00e4ndige Kostentransparenz zu erhalten\u00a0\u2013 alle Dienste von AWS, GCP und Microsoft Azure werden unterst\u00fctzt.<\/p><\/div><\/div>\t\t\t\t<\/div>\n\t\t\t\t<\/div>\n\t\t\t\t<div class=\"elementor-element elementor-element-f8491d3 elementor-position-left elementor-vertical-align-middle dce_masking-none elementor-widget elementor-widget-image-box\" data-id=\"f8491d3\" data-element_type=\"widget\" data-widget_type=\"image-box.default\">\n\t\t\t\t<div class=\"elementor-widget-container\">\n\t\t\t\t\t<div class=\"elementor-image-box-wrapper\"><figure class=\"elementor-image-box-img\"><img loading=\"lazy\" decoding=\"async\" width=\"464\" height=\"339\" src=\"https:\/\/global.apptio.com\/de\/wp-content\/uploads\/sites\/29\/optimization-int.svg\" class=\"attachment-full size-full wp-image-725\" alt=\"\" \/><\/figure><div class=\"elementor-image-box-content\"><h3 class=\"elementor-image-box-title\">Erkenntnisse zur Optimierung<\/h3><p class=\"elementor-image-box-description\">Erhalten Sie personalisierte Empfehlungen, die auf Ihr Umfeld und Ihre Verhaltensmuster zugeschnitten sind. Kubecost generiert automatisch Erkenntnisse, mit denen Sie 30\u201350\u00a0% oder mehr Ihrer Infrastrukturkosten einsparen k\u00f6nnen, ohne Ihre privaten Informationen preiszugeben\u00a0\u2013 Ihre Daten werden niemals extern weitergegeben, auch nicht an uns.<\/p><\/div><\/div>\t\t\t\t<\/div>\n\t\t\t\t<\/div>\n\t\t\t\t<div class=\"elementor-element elementor-element-d02d8aa elementor-position-right elementor-vertical-align-middle dce_masking-none elementor-widget elementor-widget-image-box\" data-id=\"d02d8aa\" data-element_type=\"widget\" data-widget_type=\"image-box.default\">\n\t\t\t\t<div class=\"elementor-widget-container\">\n\t\t\t\t\t<div class=\"elementor-image-box-wrapper\"><figure class=\"elementor-image-box-img\"><img loading=\"lazy\" decoding=\"async\" width=\"533\" height=\"311\" src=\"https:\/\/global.apptio.com\/de\/wp-content\/uploads\/sites\/29\/alerts-int.svg\" class=\"attachment-full size-full wp-image-723\" alt=\"\" \/><\/figure><div class=\"elementor-image-box-content\"><h3 class=\"elementor-image-box-title\">Warnmeldungen und Governance<\/h3><p class=\"elementor-image-box-description\">Die Echtzeit-Alarmfunktion und die regelm\u00e4\u00dfigen Berichte erm\u00f6glichen es den Teams, die Kontrolle \u00fcber ihre Kubernetes-f\u00e4hige Infrastruktur zu behalten, innerhalb der Budgetgrenzen zu bleiben und Unterbrechungen in der \u00dcberwachung sofort zu beheben. Sie erreichen maximale Anwendungsleistung und k\u00f6nnen die Zuverl\u00e4ssigkeit mit anpassbaren Warnmeldungen, konfigurierbaren Verf\u00fcgbarkeitsstufen und Echtzeit-Updates verbessern.<\/p><\/div><\/div>\t\t\t\t<\/div>\n\t\t\t\t<\/div>\n\t\t\t\t\t<\/div>\n\t\t\t\t<\/div>\n\t\t<div class=\"elementor-element elementor-element-953aa25 ap-top-lg-pdg e-flex e-con-boxed e-con e-parent\" data-id=\"953aa25\" data-element_type=\"container\">\n\t\t\t\t\t<div class=\"e-con-inner\">\n\t\t\t\t<div class=\"elementor-element elementor-element-73ad451 elementor-widget__width-initial elementor-widget-mobile__width-inherit elementor-widget elementor-widget-text-editor\" data-id=\"73ad451\" data-element_type=\"widget\" data-widget_type=\"text-editor.default\">\n\t\t\t\t<div class=\"elementor-widget-container\">\n\t\t\t\t\t\t\t\t\t<h2 style=\"text-align: left;\">Speziell entwickelt f\u00fcr Teams, die Kubernetes verwenden<\/h2><p>Kubecost, ein IBM Unternehmen, begann als Open-Source-Projekt mit dem Ziel, kleinen Entwicklerteams einen umfassenden Kosten\u00fcberblick zu erm\u00f6glichen. Als Ergebnis ist unsere L\u00f6sung eng in das cloudnative Open-Source-\u00d6kosystem integriert, wie beispielsweise in Kubernetes, Prometheus und Grafana.<\/p><p>Der Betrieb von Containern auf Kubernetes erfordert einen neuen Ansatz zur Visualisierung und Optimierung der Ausgaben. Kubecost wurde von Grund auf f\u00fcr Kubernetes und das cloudnative \u00d6kosystem entwickelt.<\/p>\t\t\t\t\t\t\t\t<\/div>\n\t\t\t\t<\/div>\n\t\t\t\t<div data-dce-title-color=\"#023927D9\" class=\"elementor-element elementor-element-3e93d5b elementor-widget__width-initial elementor-widget-mobile__width-inherit elementor-widget elementor-widget-tp-pricing-table\" data-id=\"3e93d5b\" data-element_type=\"widget\" data-widget_type=\"tp-pricing-table.default\">\n\t\t\t\t<div class=\"elementor-widget-container\">\n\t\t\t\t\t<div id=\"plus-pricing-table\" class=\"plus-pricing-table pricing-style-2 hover_normal \" ><div class=\"pricing-table-inner \"><div class=\"pricing-title-content style-1\"><div class=\"pricing-title-wrap\"><div class=\"pricing-title\">Fundamente<\/div><\/div><div class=\"pricing-subtitle-wrap\"><div class=\"pricing-subtitle\">F\u00fcr Einzelpersonen, kleine Teams oder alle, die sich nur schnell einen \u00dcberblick \u00fcber ihre aktuellen Kubernetes-Ausgaben und die Nutzung einzelner Cluster in einer selbst gehosteten Bereitstellung verschaffen m\u00f6chten.<\/div><\/div><\/div><div class=\"pricing-price-wrap style-1\"><span class=\"pricing-price\"><\/span><\/div><div class=\"pt-plus-button-wrapper\"><div class=\"button_parallax\"><div class=\"ts-button\"><div class=\"pt_plus_button btn69e4395d5eb94 button-style-9 \"><div class=\"animted-content-inner\"><a href=\"https:\/\/www.apptio.com\/products\/kiubecost\/install\" target=\"_blank\" class=\"button-link-wrap\" role=\"button\">Jetzt installieren<span class=\"btn-arrow\"><i class=\"fa-show fa fa-chevron-right\" aria-hidden=\"true\"><\/i><i class=\"fa-hide fa fa-chevron-right\" aria-hidden=\"true\"><\/i><\/span><\/a><\/div><\/div><\/div><\/div><\/div><div class=\"pricing-overlay-color \"><\/div><\/div><\/div>\t\t\t\t<\/div>\n\t\t\t\t<\/div>\n\t\t\t\t\t<\/div>\n\t\t\t\t<\/div>\n\t\t\t\t<\/div>\n\t\t","protected":false},"excerpt":{"rendered":"<p>IBM Kubecost Kubernetes-Ausgaben \u00fcberwachen und reduzieren\u200b Kostenlose Testversion anfordern Was man nicht sieht, kann man nicht optimieren Unn\u00f6tige Verschwendung bei Kubernetes treibt Kosten in die H\u00f6he, und die meisten Unternehmen sind \u00fcberrascht, wenn sie ihre monatliche Cloud-Rechnung erhalten. Sie zeigt den Gesamtsaldo an, ohne zu erl\u00e4utern, welche Workloads und welche Teams welche Ressourcen in welchem [&hellip;]<\/p>\n","protected":false},"author":1,"featured_media":0,"parent":424,"menu_order":0,"comment_status":"closed","ping_status":"closed","template":"","meta":{"_acf_changed":false,"_relevanssi_hide_post":"","_relevanssi_hide_content":"","_relevanssi_pin_for_all":"","_relevanssi_pin_keywords":"","_relevanssi_unpin_keywords":"","_relevanssi_related_keywords":"","_relevanssi_related_include_ids":"","_relevanssi_related_exclude_ids":"","_relevanssi_related_no_append":"","_relevanssi_related_not_related":"","_relevanssi_related_posts":"","_relevanssi_noindex_reason":"","footnotes":""},"class_list":["post-716","page","type-page","status-publish","hentry"],"acf":[],"_links":{"self":[{"href":"https:\/\/global.apptio.com\/de\/wp-json\/wp\/v2\/pages\/716","targetHints":{"allow":["GET"]}}],"collection":[{"href":"https:\/\/global.apptio.com\/de\/wp-json\/wp\/v2\/pages"}],"about":[{"href":"https:\/\/global.apptio.com\/de\/wp-json\/wp\/v2\/types\/page"}],"author":[{"embeddable":true,"href":"https:\/\/global.apptio.com\/de\/wp-json\/wp\/v2\/users\/1"}],"replies":[{"embeddable":true,"href":"https:\/\/global.apptio.com\/de\/wp-json\/wp\/v2\/comments?post=716"}],"version-history":[{"count":4,"href":"https:\/\/global.apptio.com\/de\/wp-json\/wp\/v2\/pages\/716\/revisions"}],"predecessor-version":[{"id":728,"href":"https:\/\/global.apptio.com\/de\/wp-json\/wp\/v2\/pages\/716\/revisions\/728"}],"up":[{"embeddable":true,"href":"https:\/\/global.apptio.com\/de\/wp-json\/wp\/v2\/pages\/424"}],"wp:attachment":[{"href":"https:\/\/global.apptio.com\/de\/wp-json\/wp\/v2\/media?parent=716"}],"curies":[{"name":"wp","href":"https:\/\/api.w.org\/{rel}","templated":true}]}}